{"id":494,"date":"2018-06-27T16:41:43","date_gmt":"2018-06-27T14:41:43","guid":{"rendered":"http:\/\/www.lelitegroup.com\/?page_id=494"},"modified":"2019-07-25T15:31:40","modified_gmt":"2019-07-25T13:31:40","slug":"cookie-policy","status":"publish","type":"page","link":"https:\/\/www.lelitegroup.com\/it\/cookie-policy\/","title":{"rendered":"Cookie Policy"},"content":{"rendered":"<div class=\"wpb-content-wrapper\"><p>[vc_row type=&#8221;full-nopad&#8221; min_height=&#8221;170&#8243; css=&#8221;.vc_custom_1530110451009{background-color: #1e1e1e !important;}&#8221;][vc_column][\/vc_column][\/vc_row][vc_row type=&#8221;full-nopad&#8221; min_height=&#8221;180&#8243; content_placement=&#8221;middle&#8221; css_animation=&#8221;fadeIn&#8221; css=&#8221;.vc_custom_1564061493677{background-color: #f0ebe7 !important;}&#8221;][vc_column][vc_empty_space height=&#8221;100px&#8221;][vc_raw_html]JTNDY2VudGVyJTNFJTNDaHIlMjBjbGFzcyUzRCUyMmxpbmUtYiUyMiUyMCUyRiUzRSUzQyUyRmNlbnRlciUzRSUwQSUzQ2JyJTJGJTNFJTBBJTNDY2VudGVyJTNFJTNDc3BhbiUyMHN0eWxlJTNEJTIydGV4dC1hbGlnbiUzQSUyMGNlbnRlciUzQiUyMiUzRUNvb2tpZSUyMFBvbGljeSUzQyUyRnAlM0UlM0MlMkZjZW50ZXIlM0UlMEElM0NiciUyRiUzRSUwQSUzQ2NlbnRlciUzRSUzQ2hyJTIwY2xhc3MlM0QlMjJsaW5lLWIlMjIlMjAlMkYlM0UlM0MlMkZjZW50ZXIlM0U=[\/vc_raw_html][vc_empty_space height=&#8221;100px&#8221;][\/vc_column][\/vc_row][vc_row type=&#8221;boxed&#8221; max_width=&#8221;1280&#8243;][vc_column][vc_empty_space height=&#8221;60px&#8221;][\/vc_column][\/vc_row][vc_row type=&#8221;boxed&#8221; max_width=&#8221;1000&#8243; css_animation=&#8221;fadeIn&#8221;][vc_column][vc_column_text]COOKIES POLICY<br \/>\nQuesto sito utilizza cookies, anche di terze parti, per migliorare l\u2019esperienza di navigazione e consentire a chi naviga di usufruire dei nostri servizi online.<br \/>\nLa presente policy sui cookies deve essere letta insieme alla nostra\u00a0<a href=\"http:\/\/www.lelitegroup.com\/privacy-policy\/\">Privacy Policy<\/a>\u00a0che ti invitiamo a consultare per ulteriori informazioni su che cosa facciamo e che cosa non facciamo con i tuoi dati personali.<br \/>\nSe prosegui nella navigazione del nostro sito acconsenti all\u2019utilizzo dei cookies.<br \/>\nI cookies utilizzati in questo sito rientrano nelle categorie descritte di\u00a0seguito.<\/p>\n<p>COSA SONO I COOKIES<br \/>\nI cookies sono piccoli file di testo inviati da siti web e memorizzati sul vostro computer, tablet, smartphone o altro dispositivo mobile. Essi contengono informazioni di base sulla navigazione in Internet e grazie al browser vengono riconosciuti ogni volta che l\u2019utente visita il sito.\u00a0I cookies possono anche essere cookies di prime parti se impostati dal sito visitato, oppure cookies di terze parti se inviati\u00a0da un sito diverso da quello visitato.<\/p>\n<p>GESTIONE DEI COOKIES<br \/>\nCookies tecnici<br \/>\nQuesta tipologia di cookies permette il corretto funzionamento di alcune sezioni del sito. Sono di due categorie, persistenti e di sessione:<br \/>\n\u2013 persistenti:\u00a0una volta chiuso il browser non vengono distrutti ma rimangono fino ad una data di scadenza preimpostata o\u00a0finch\u00e9 l\u2019utente non li elimina;<br \/>\n\u2013 di sessione: vengono distrutti ogni volta che il browser viene chiuso.<\/p>\n<p>Questi cookies\u00a0sono necessari a\u00a0visualizzare correttamente il sito\u00a0e\u00a0in relazione ai servizi tecnici offerti, verranno quindi\u00a0sempre utilizzati e inviati, a meno che l\u2019utenza non modifichi le impostazioni nel proprio browser.<\/p>\n<p>I cookies tecnici vengo utilizzati per le seguenti attivit\u00e0:<br \/>\na) Attivit\u00e0 strettamente necessarie al funzionamento.\u00a0Questi cookies hanno natura tecnica e permettono al sito di funzionare correttamente. Ad esempio, mantengono l\u2019utente collegato durante la navigazione evitando che il sito richieda di collegarsi pi\u00f9 volte per accedere alle varie pagine o sezioni del sito.<br \/>\nb) Attivit\u00e0 di salvataggio delle preferenze.\u00a0Questi cookies permettono di ricordare le preferenze selezionate dall\u2019utente durante la navigazione, ad esempio, consentono di impostare la lingua.<br \/>\nc) Attivit\u00e0 Statistiche e di Misurazione dell\u2019audience.\u00a0Questi cookies ci aiutano a capire, attraverso\u00a0dati raccolti in forma anonima e aggregata, come gli utenti interagiscono con il nostro\u00a0sito internet fornendoci informazioni relative alle sezioni visitate, il tempo trascorso sul sito, eventuali malfunzionamenti. Questo ci aiuta a migliorare la resa del nostro sito\u00a0internet.<\/p>\n<p>COOKIE DI TERZA PARTE<br \/>\nFacciamo uso di fornitori che possono a loro volta installare cookies per il corretto funzionamento dei servizi che stanno fornendo, sui quali non abbiamo alcun controllo. Se desiderate avere informazioni relative a questi cookies di terza parte e su come disabilitarli vi preghiamo di accedere ai link di collegamento sotto riportati per ogni cookie di terza parte.<\/p>\n<p>INFORMAZIONI SUI COOKIES UTILIZZATI<br \/>\nNome del cookie: _dc_gtm_UA<\/p>\n<p>Scopo: Cookie di profilazione utilizzato per il tracking di Google Analytics.<br \/>\nScadenza: fino a fine sessione<br \/>\nTerza parte: S\u00ec (Google Analytics), collegamento\u00a0<a href=\"http:\/\/www.google.com\/policies\/privacy\/\">privacy policy di Google &gt;&gt;&gt;<\/a><\/p>\n<p>Nome del cookie: _ga<br \/>\nScopo: Questo cookie viene utilizzato per distingue utenti unici per l\u2019assegnazione\u00a0di un numero generato in modo casuale come identificatore client (ID cliente).\u00a0Viene utilizzato per distinguere gli utenti attraverso dati raccolti in forma anonima e\u00a0aggregata. Non vengono raccolte informazioni che identificano un visitatore.<br \/>\nScadenza: dopo 2 anni<br \/>\nTerza parte: S\u00ec (Google Analytics), collegamento\u00a0<a href=\"http:\/\/www.google.com\/policies\/privacy\/\">privacy policy di Google &gt;&gt;&gt;<\/a><\/p>\n<p>Nome del cookie: cookie_notice_accepted<br \/>\nScopo: registra l\u2019accettazione alla continuazione della navigazione sul sito dopo aver cliccato su \u201cAccetto\u201d nel banner di informativa breve<br \/>\nScadenza: 1 anno<br \/>\nTerza parte: no<\/p>\n<p>Nome del cookie:\u00a0wp-settings-1<br \/>\nScopo: Permette la visualizzazione ottimizzata del sito wordpress e l\u2019utilizzo da parte dell\u2019amministratore<br \/>\nScadenza: 1 anno<br \/>\nTerza parte:\u00a0no<\/p>\n<p>Nome del cookie:\u00a0wp-settings-time-1<br \/>\nScopo: Permette la visualizzazione ottimizzata del sito wordpress e l\u2019utilizzo da parte dell\u2019amministratore<br \/>\nScadenza: 1 anno<br \/>\nTerza parte:\u00a0no<\/p>\n<p>Nome del cookie:\u00a0wordpress_<br \/>\nScopo: Serve per l\u2019autenticazione delle credenziali di accesso dell\u2019utente amministratore<br \/>\nScadenza: 1 anno<br \/>\nTerza parte:\u00a0no<\/p>\n<p>Nome del cookie:\u00a0wordpress_logged_in_<br \/>\nScopo: Serve per l\u2019autenticazione delle credenziali di accesso dell\u2019utente\u00a0che crea un account sul sito<br \/>\nScadenza: 1 anno<br \/>\nTerza parte:\u00a0no<\/p>\n<p>In qualunque momento \u00e8 possibile disabilitare i cookies presenti sul browser; ti ricordiamo che quest\u2019opzione potrebbe limitare molte delle funzionalit\u00e0 di navigazione del sito.<\/p>\n<p>ISTRUZIONI DISABILITAZIONE COOKIES DAI BROWSERS<br \/>\ndisabilitazione dei cookie su\u00a0<a href=\"https:\/\/support.mozilla.org\/it\/kb\/Attivare%20e%20disattivare%20i%20cookie\">Firefox<\/a><br \/>\ndisabilitazione dei cookie su\u00a0<a href=\"http:\/\/www.google.com\/policies\/technologies\/managing\/\">Chrome<\/a><br \/>\ndisabilitazione dei cookie su\u00a0<a href=\"http:\/\/windows.microsoft.com\/it-it\/internet-explorer\/delete-manage-cookies#ie=ie-11\">Internet Explorer<\/a><br \/>\ndisabilitazione dei cookie su\u00a0<a href=\"http:\/\/support.apple.com\/kb\/HT1677?viewlocale=it_IT&amp;locale=it_IT\">Safari<\/a><br \/>\ndisabilitazione dei cookie su\u00a0<a href=\"http:\/\/help.opera.com\/Mac\/12.10\/it\/cookies.html\">Opera<\/a><\/p>\n<p>Se usi un qualsiasi altro browser, cerca nelle impostazioni del browser la modalit\u00e0 di gestione dei cookies.<br \/>\nPer saperne di pi\u00f9 riguardo la gestione dei cookies sul browser dei dispositivi mobili, consultare il manuale utente specifico. Puoi anche trovare ulteriori informazioni sui cookies e su come gestirli consultando il sito\u00a0<a href=\"http:\/\/www.aboutcookies.org\/\"><strong>www.aboutcookies.org<\/strong><\/a>.<\/p>\n<p>Inoltre accedendo alla pagina\u00a0<a href=\"http:\/\/www.youronlinechoices.com\/it\/le-tue-scelte\"><strong>http:\/\/www.youronlinechoices.com\/it\/le-tue-scelte<\/strong><\/a>\u00a0\u00e8 possibile informarsi sulla pubblicit\u00e0 comportamentale oltre che disattivare o attivare le societ\u00e0 elencate e che lavorano con i gestori dei siti web per raccogliere e utilizzare informazioni utili alla fruizione della pubblicit\u00e0.[\/vc_column_text][vc_empty_space height=&#8221;150px&#8221;][\/vc_column][\/vc_row]<\/p>\n<\/div>","protected":false},"excerpt":{"rendered":"<p>[vc_row type=&#8221;full-nopad&#8221; min_height=&#8221;170&#8243; css=&#8221;.vc_custom_1530110451009{background-color: #1e1e1e !important;}&#8221;][vc_column][\/vc_column][\/vc_row][vc_row type=&#8221;full-nopad&#8221; min_height=&#8221;180&#8243; content_placement=&#8221;middle&#8221; css_animation=&#8221;fadeIn&#8221; css=&#8221;.vc_custom_1564061493677{background-color: #f0ebe7 !important;}&#8221;][vc_column][vc_empty_space height=&#8221;100px&#8221;][vc_raw_html]JTNDY2VudGVyJTNFJTNDaHIlMjBjbGFzcyUzRCUyMmxpbmUtYiUyMiUyMCUyRiUzRSUzQyUyRmNlbnRlciUzRSUwQSUzQ2JyJTJGJTNFJTBBJTNDY2VudGVyJTNFJTNDc3BhbiUyMHN0eWxlJTNEJTIydGV4dC1hbGlnbiUzQSUyMGNlbnRlciUzQiUyMiUzRUNvb2tpZSUyMFBvbGljeSUzQyUyRnAlM0UlM0MlMkZjZW50ZXIlM0UlMEElM0NiciUyRiUzRSUwQSUzQ2NlbnRlciUzRSUzQ2hyJTIwY2xhc3MlM0QlMjJsaW5lLWIlMjIlMjAlMkYlM0UlM0MlMkZjZW50ZXIlM0U=[\/vc_raw_html][vc_empty_space height=&#8221;100px&#8221;][\/vc_column][\/vc_row][vc_row type=&#8221;boxed&#8221; max_width=&#8221;1280&#8243;][vc_column][vc_empty_space height=&#8221;60px&#8221;][\/vc_column][\/vc_row][vc_row type=&#8221;boxed&#8221; max_width=&#8221;1000&#8243; css_animation=&#8221;fadeIn&#8221;][vc_column][vc_column_text]COOKIES POLICY Questo sito utilizza cookies, anche di terze parti, per migliorare l\u2019esperienza di navigazione e consentire a chi naviga di usufruire dei nostri servizi online. La presente policy sui cookies deve essere letta insieme &hellip;<\/p>\n","protected":false},"author":1,"featured_media":0,"parent":0,"menu_order":0,"comment_status":"closed","ping_status":"closed","template":"templates\/page-full.php","meta":{"inline_featured_image":false,"footnotes":""},"yoast_head":"<!-- This site is optimized with the Yoast SEO plugin v21.8 - https:\/\/yoast.com\/wordpress\/plugins\/seo\/ -->\r\n<title>Cookie Policy - L&#039;Elite Group<\/title>\r\n<meta name=\"robots\" content=\"index, follow, max-snippet:-1, max-image-preview:large, max-video-preview:-1\" \/>\r\n<link rel=\"canonical\" href=\"https:\/\/www.lelitegroup.com\/it\/cookie-policy\/\" \/>\r\n<meta property=\"og:locale\" content=\"it_IT\" \/>\r\n<meta property=\"og:type\" content=\"article\" \/>\r\n<meta property=\"og:title\" content=\"Cookie Policy - L&#039;Elite Group\" \/>\r\n<meta property=\"og:description\" content=\"[vc_row type=&#8221;full-nopad&#8221; min_height=&#8221;170&#8243; css=&#8221;.vc_custom_1530110451009{background-color: #1e1e1e !important;}&#8221;][vc_column][\/vc_column][\/vc_row][vc_row type=&#8221;full-nopad&#8221; min_height=&#8221;180&#8243; content_placement=&#8221;middle&#8221; css_animation=&#8221;fadeIn&#8221; css=&#8221;.vc_custom_1564061493677{background-color: #f0ebe7 !important;}&#8221;][vc_column][vc_empty_space height=&#8221;100px&#8221;][vc_raw_html]JTNDY2VudGVyJTNFJTNDaHIlMjBjbGFzcyUzRCUyMmxpbmUtYiUyMiUyMCUyRiUzRSUzQyUyRmNlbnRlciUzRSUwQSUzQ2JyJTJGJTNFJTBBJTNDY2VudGVyJTNFJTNDc3BhbiUyMHN0eWxlJTNEJTIydGV4dC1hbGlnbiUzQSUyMGNlbnRlciUzQiUyMiUzRUNvb2tpZSUyMFBvbGljeSUzQyUyRnAlM0UlM0MlMkZjZW50ZXIlM0UlMEElM0NiciUyRiUzRSUwQSUzQ2NlbnRlciUzRSUzQ2hyJTIwY2xhc3MlM0QlMjJsaW5lLWIlMjIlMjAlMkYlM0UlM0MlMkZjZW50ZXIlM0U=[\/vc_raw_html][vc_empty_space height=&#8221;100px&#8221;][\/vc_column][\/vc_row][vc_row type=&#8221;boxed&#8221; max_width=&#8221;1280&#8243;][vc_column][vc_empty_space height=&#8221;60px&#8221;][\/vc_column][\/vc_row][vc_row type=&#8221;boxed&#8221; max_width=&#8221;1000&#8243; css_animation=&#8221;fadeIn&#8221;][vc_column][vc_column_text]COOKIES POLICY Questo sito utilizza cookies, anche di terze parti, per migliorare l\u2019esperienza di navigazione e consentire a chi naviga di usufruire dei nostri servizi online. La presente policy sui cookies deve essere letta insieme &hellip;\" \/>\r\n<meta property=\"og:url\" content=\"https:\/\/www.lelitegroup.com\/it\/cookie-policy\/\" \/>\r\n<meta property=\"og:site_name\" content=\"L&#039;Elite Group\" \/>\r\n<meta property=\"article:modified_time\" content=\"2019-07-25T13:31:40+00:00\" \/>\r\n<meta name=\"twitter:card\" content=\"summary_large_image\" \/>\r\n<meta name=\"twitter:label1\" content=\"Tempo di lettura stimato\" \/>\n\t<meta name=\"twitter:data1\" content=\"5 minuti\" \/>\r\n<script type=\"application\/ld+json\" class=\"yoast-schema-graph\">{\"@context\":\"https:\/\/schema.org\",\"@graph\":[{\"@type\":\"WebPage\",\"@id\":\"https:\/\/www.lelitegroup.com\/it\/cookie-policy\/\",\"url\":\"https:\/\/www.lelitegroup.com\/it\/cookie-policy\/\",\"name\":\"Cookie Policy - L&#039;Elite Group\",\"isPartOf\":{\"@id\":\"https:\/\/www.lelitegroup.com\/it\/#website\"},\"datePublished\":\"2018-06-27T14:41:43+00:00\",\"dateModified\":\"2019-07-25T13:31:40+00:00\",\"breadcrumb\":{\"@id\":\"https:\/\/www.lelitegroup.com\/it\/cookie-policy\/#breadcrumb\"},\"inLanguage\":\"it-IT\",\"potentialAction\":[{\"@type\":\"ReadAction\",\"target\":[\"https:\/\/www.lelitegroup.com\/it\/cookie-policy\/\"]}]},{\"@type\":\"BreadcrumbList\",\"@id\":\"https:\/\/www.lelitegroup.com\/it\/cookie-policy\/#breadcrumb\",\"itemListElement\":[{\"@type\":\"ListItem\",\"position\":1,\"name\":\"Home\",\"item\":\"https:\/\/www.lelitegroup.com\/it\/\"},{\"@type\":\"ListItem\",\"position\":2,\"name\":\"Cookie Policy\"}]},{\"@type\":\"WebSite\",\"@id\":\"https:\/\/www.lelitegroup.com\/it\/#website\",\"url\":\"https:\/\/www.lelitegroup.com\/it\/\",\"name\":\"L&#039;Elite Group\",\"description\":\"Un nuovo sito targato WordPress\",\"potentialAction\":[{\"@type\":\"SearchAction\",\"target\":{\"@type\":\"EntryPoint\",\"urlTemplate\":\"https:\/\/www.lelitegroup.com\/it\/?s={search_term_string}\"},\"query-input\":\"required name=search_term_string\"}],\"inLanguage\":\"it-IT\"}]}<\/script>\r\n<!-- \/ Yoast SEO plugin. -->","yoast_head_json":{"title":"Cookie Policy - L&#039;Elite Group","robots":{"index":"index","follow":"follow","max-snippet":"max-snippet:-1","max-image-preview":"max-image-preview:large","max-video-preview":"max-video-preview:-1"},"canonical":"https:\/\/www.lelitegroup.com\/it\/cookie-policy\/","og_locale":"it_IT","og_type":"article","og_title":"Cookie Policy - L&#039;Elite Group","og_description":"[vc_row type=&#8221;full-nopad&#8221; min_height=&#8221;170&#8243; css=&#8221;.vc_custom_1530110451009{background-color: #1e1e1e !important;}&#8221;][vc_column][\/vc_column][\/vc_row][vc_row type=&#8221;full-nopad&#8221; min_height=&#8221;180&#8243; content_placement=&#8221;middle&#8221; css_animation=&#8221;fadeIn&#8221; css=&#8221;.vc_custom_1564061493677{background-color: #f0ebe7 !important;}&#8221;][vc_column][vc_empty_space height=&#8221;100px&#8221;][vc_raw_html]JTNDY2VudGVyJTNFJTNDaHIlMjBjbGFzcyUzRCUyMmxpbmUtYiUyMiUyMCUyRiUzRSUzQyUyRmNlbnRlciUzRSUwQSUzQ2JyJTJGJTNFJTBBJTNDY2VudGVyJTNFJTNDc3BhbiUyMHN0eWxlJTNEJTIydGV4dC1hbGlnbiUzQSUyMGNlbnRlciUzQiUyMiUzRUNvb2tpZSUyMFBvbGljeSUzQyUyRnAlM0UlM0MlMkZjZW50ZXIlM0UlMEElM0NiciUyRiUzRSUwQSUzQ2NlbnRlciUzRSUzQ2hyJTIwY2xhc3MlM0QlMjJsaW5lLWIlMjIlMjAlMkYlM0UlM0MlMkZjZW50ZXIlM0U=[\/vc_raw_html][vc_empty_space height=&#8221;100px&#8221;][\/vc_column][\/vc_row][vc_row type=&#8221;boxed&#8221; max_width=&#8221;1280&#8243;][vc_column][vc_empty_space height=&#8221;60px&#8221;][\/vc_column][\/vc_row][vc_row type=&#8221;boxed&#8221; max_width=&#8221;1000&#8243; css_animation=&#8221;fadeIn&#8221;][vc_column][vc_column_text]COOKIES POLICY Questo sito utilizza cookies, anche di terze parti, per migliorare l\u2019esperienza di navigazione e consentire a chi naviga di usufruire dei nostri servizi online. La presente policy sui cookies deve essere letta insieme &hellip;","og_url":"https:\/\/www.lelitegroup.com\/it\/cookie-policy\/","og_site_name":"L&#039;Elite Group","article_modified_time":"2019-07-25T13:31:40+00:00","twitter_card":"summary_large_image","twitter_misc":{"Tempo di lettura stimato":"5 minuti"},"schema":{"@context":"https:\/\/schema.org","@graph":[{"@type":"WebPage","@id":"https:\/\/www.lelitegroup.com\/it\/cookie-policy\/","url":"https:\/\/www.lelitegroup.com\/it\/cookie-policy\/","name":"Cookie Policy - L&#039;Elite Group","isPartOf":{"@id":"https:\/\/www.lelitegroup.com\/it\/#website"},"datePublished":"2018-06-27T14:41:43+00:00","dateModified":"2019-07-25T13:31:40+00:00","breadcrumb":{"@id":"https:\/\/www.lelitegroup.com\/it\/cookie-policy\/#breadcrumb"},"inLanguage":"it-IT","potentialAction":[{"@type":"ReadAction","target":["https:\/\/www.lelitegroup.com\/it\/cookie-policy\/"]}]},{"@type":"BreadcrumbList","@id":"https:\/\/www.lelitegroup.com\/it\/cookie-policy\/#breadcrumb","itemListElement":[{"@type":"ListItem","position":1,"name":"Home","item":"https:\/\/www.lelitegroup.com\/it\/"},{"@type":"ListItem","position":2,"name":"Cookie Policy"}]},{"@type":"WebSite","@id":"https:\/\/www.lelitegroup.com\/it\/#website","url":"https:\/\/www.lelitegroup.com\/it\/","name":"L&#039;Elite Group","description":"Un nuovo sito targato WordPress","potentialAction":[{"@type":"SearchAction","target":{"@type":"EntryPoint","urlTemplate":"https:\/\/www.lelitegroup.com\/it\/?s={search_term_string}"},"query-input":"required name=search_term_string"}],"inLanguage":"it-IT"}]}},"_links":{"self":[{"href":"https:\/\/www.lelitegroup.com\/it\/wp-json\/wp\/v2\/pages\/494"}],"collection":[{"href":"https:\/\/www.lelitegroup.com\/it\/wp-json\/wp\/v2\/pages"}],"about":[{"href":"https:\/\/www.lelitegroup.com\/it\/wp-json\/wp\/v2\/types\/page"}],"author":[{"embeddable":true,"href":"https:\/\/www.lelitegroup.com\/it\/wp-json\/wp\/v2\/users\/1"}],"replies":[{"embeddable":true,"href":"https:\/\/www.lelitegroup.com\/it\/wp-json\/wp\/v2\/comments?post=494"}],"version-history":[{"count":8,"href":"https:\/\/www.lelitegroup.com\/it\/wp-json\/wp\/v2\/pages\/494\/revisions"}],"predecessor-version":[{"id":1401,"href":"https:\/\/www.lelitegroup.com\/it\/wp-json\/wp\/v2\/pages\/494\/revisions\/1401"}],"wp:attachment":[{"href":"https:\/\/www.lelitegroup.com\/it\/wp-json\/wp\/v2\/media?parent=494"}],"curies":[{"name":"wp","href":"https:\/\/api.w.org\/{rel}","templated":true}]}}