{"id":485,"date":"2018-06-27T16:29:03","date_gmt":"2018-06-27T14:29:03","guid":{"rendered":"http:\/\/www.lelitegroup.com\/?page_id=485"},"modified":"2019-07-25T15:31:04","modified_gmt":"2019-07-25T13:31:04","slug":"privacy-policy","status":"publish","type":"page","link":"https:\/\/www.lelitegroup.com\/it\/privacy-policy\/","title":{"rendered":"Privacy Policy"},"content":{"rendered":"<div class=\"wpb-content-wrapper\"><p>[vc_row type=&#8221;full-nopad&#8221; min_height=&#8221;170&#8243; css=&#8221;.vc_custom_1530110451009{background-color: #1e1e1e !important;}&#8221;][vc_column][\/vc_column][\/vc_row][vc_row type=&#8221;full-nopad&#8221; min_height=&#8221;180&#8243; content_placement=&#8221;middle&#8221; css_animation=&#8221;fadeIn&#8221; css=&#8221;.vc_custom_1564061459350{background-color: #f0ebe7 !important;}&#8221;][vc_column][vc_empty_space height=&#8221;100px&#8221;][vc_raw_html]JTNDY2VudGVyJTNFJTNDaHIlMjBjbGFzcyUzRCUyMmxpbmUtYiUyMiUyMCUyRiUzRSUzQyUyRmNlbnRlciUzRSUwQSUzQ2JyJTJGJTNFJTBBJTNDY2VudGVyJTNFJTNDc3BhbiUyMHN0eWxlJTNEJTIydGV4dC1hbGlnbiUzQSUyMGNlbnRlciUzQiUyMiUzRVByaXZhY3klMjBQb2xpY3klM0MlMkZwJTNFJTNDJTJGY2VudGVyJTNFJTBBJTNDYnIlMkYlM0UlMEElM0NjZW50ZXIlM0UlM0NociUyMGNsYXNzJTNEJTIybGluZS1iJTIyJTIwJTJGJTNFJTNDJTJGY2VudGVyJTNF[\/vc_raw_html][vc_empty_space height=&#8221;100px&#8221;][\/vc_column][\/vc_row][vc_row type=&#8221;boxed&#8221; max_width=&#8221;1280&#8243;][vc_column][vc_empty_space height=&#8221;60px&#8221;][\/vc_column][\/vc_row][vc_row type=&#8221;boxed&#8221; max_width=&#8221;1000&#8243; css_animation=&#8221;fadeIn&#8221;][vc_column][vc_column_text]Con questo documento L&#8217;Elite Group S.r.l. descrive, anche ai sensi dell\u2019art. 13 del d.lgs. n. 196\/2013, le modalit\u00e0 di trattamento dei dati personali degli utenti che consultano il sito web della scrivente a partire dall\u2019indirizzo:<\/p>\n<p>www.lelitegroup.com<br \/>\ncui corrisponde la home-page del sito.<br \/>\nL\u2019informativa \u00e8 resa solo per il sito di L&#8217;Elite Group S.r.l. e non anche per altri siti web eventualmente consultati dall\u2019utente tramite link.<\/p>\n<p>IL TITOLARE DEL TRATTAMENTO<br \/>\nIl titolare del trattamento DATI \u00e8 L&#8217;Elite Group S.r.l., con sede in Via Brandolini 107, 31029 Vittorio Veneto (TV), quale individuata anche nel sito.<\/p>\n<p>LUOGO DI TRATTAMENTO DEI DATI PERSONALI<br \/>\nIl sito \u00e8 stato realizzato da Factory42, con sede in Via Aquileia Vic.5 n\u00b04, 30016 Jesolo (VE) P.Iva IT04103430270, che effettua anche il mantenimento periodico del sito ma non tratta dati personali degli utenti.<br \/>\nAllo stato il sito web \u00e8 di tipo vetrina: gli utenti possono contattare L&#8217;Elite Group attraverso la mail commerciale@lelitegroup.com o compilando i campi di richiesta contatto. In tal caso un sistema automatizzato invia le comunicazioni che gli utenti lasceranno sul sito direttamente a L&#8217;Elite Group: non esiste database al riguardo, viene semplicemente generata una email che arriva direttamente al personale di L&#8217;Elite Group. I trattamenti connessi ai servizi web di questo sito hanno luogo presso la predetta sede di L&#8217;Elite Group e sono curati solo da personale tecnico dell\u2019Ufficio incaricato del trattamento (il sito web ha sede sul server di propriet\u00e0 di Aruba S.p.A. in uffici tutelati).<\/p>\n<p>TIPI DI DATI TRATTATI<br \/>\nDati di navigazione<br \/>\nIl sistema informatico acquisisce alcuni dati personali la cui trasmissione \u00e8 implicita nell\u2019uso dei protocolli di comunicazione di Internet.<br \/>\nIn questa categoria di dati rientrano gli indirizzi IP o i nomi a dominio dei computer utilizzati dagli utenti che si connettono al sito, gli indirizzi URI (Uniform Resource Identifier) delle risorse richieste, l\u2019orario della richiesta, il metodo utilizzato nel sottoporre la richiesta al server, la dimensione del file ottenuto in risposta, il codice numerico indicante lo stato della risposta data dal server (buon fine, errore, ecc.) ed altri parametri relativi al sistema operativo e all\u2019ambiente informatico dell\u2019utente. Questi dati vengono utilizzati al solo fine di ricavare informazioni statistiche anonime sull\u2019uso del sito e per controllarne il corretto funzionamento.<br \/>\nI dati potrebbero essere utilizzati per l\u2019accertamento di responsabilit\u00e0 in caso di ipotetici reati informatici ai danni del sito o di L&#8217;Elite Group: salva questa eventualit\u00e0, allo stato i dati personali inviati a L&#8217;Elite Group non persistono per pi\u00f9 del tempo necessario ad evadere la richiesta del soggetto richiedente come di seguito indicato.<\/p>\n<p>DATI FORNITI VOLONTARIAMENTE DALL\u2019UTENTE<br \/>\nL&#8217;invio volontario ed esplicito di posta elettronica agli indirizzi indicati in questo sito e la compilazione dei \u201ccampi\u201d specificamente predisposti comportano la successiva acquisizione dell&#8217;indirizzo e dei dati del mittente\/utente, necessari per rispondere alle istanze prodotte e\/o erogare il servizio richiesto.<br \/>\nSpecifiche informativa di sintesi \u00e8 riportata o visualizzata nella\/e pagina\/e del sito predisposte per le richieste mediante compilazione di campi richiesta.<\/p>\n<p>COOKIES<br \/>\nL\u2019uso di c.d. cookies di sessione (che non vengono memorizzati in modo persistente sul computer dell\u2019utente e svaniscono con la chiusura del browser) \u00e8 strettamente limitato alla trasmissione di identificativi di sessione (costruiti da numeri casuali generati dal server) necessari per consentire l\u2019esplorazione sicura ed efficace del sito.<br \/>\nL&#8217;Elite Group si avvale di Google Analitycs. Le informazioni raccolte in forma anonima vengono usate per compilare report statistici sulle attivit\u00e0 del sito e quindi migliorarlo. L\u2019indirizzo IP dell\u2019utente non viene associato ad altri dati detenuti da Google. Accedendo al sito di L&#8217;Elite Group l\u2019utente accetta che i dati vengano trattati da Google nei modi e agli scopi sopra illustrati. Al fine di visualizzare l\u2019informativa sulla Privacy di Google Analytics fare click qui (<a href=\"http:\/\/www.google.com\/analytics\/learn\/privacy.html?rd=1\" target=\"_blank\" rel=\"noopener noreferrer\">http:\/\/www.google.com\/analytics\/learn\/privacy.html?rd=1<\/a>).<br \/>\nE\u2019 possibile modificare il modo in cui il Suo browser utilizza i coockies personalizzando le impostazioni di sicurezza nelle opzioni di configurazione del browser stesso (la modalit\u00e0 di configurazione dipende dal tipo di sistema operativo, dal tipo di browser usato e dalla versione degli stessi).<\/p>\n<p>FACOLTATIVITA\u2019 DEL CONFERIMENTO DEI DATI<br \/>\nA parte quanto specificato per i dati di navigazione, l\u2019utente \u00e8 libero di fornire i dati personali nei moduli di richiesta da compilare o indicati in contatti con la societ\u00e0 per le finalit\u00e0 richieste, informative o contrattuali.<br \/>\nIl loro mancato conferimento pu\u00f2 comportare l\u2019impossibilit\u00e0 di ottenere quanto richiesto.<\/p>\n<p>MODALITA\u2019 DEL TRATTAMENTO<br \/>\nI dati personali eventualmente conferiti sono trattati con strumenti anche automatizzati per il tempo strettamente necessario a conseguire gli scopi per cui sono stati raccolti o inviati.<br \/>\nL&#8217;Elite Group ha implementato specifiche misure di sicurezza per evitare la perdita dei dati, usi illeciti, o non corretti ed accessi non autorizzati.<\/p>\n<p>DIRITTI DEGLI INTERESSATI<br \/>\nI soggetti cui si riferiscono i dati personali hanno il diritto in qualunque momento di ottenere la conferma dell\u2019esistenza o meno dei medesimi dati e di conoscerne il contenuto e l\u2019origine, verificarne l\u2019esattezza o chiederne l\u2019integrazione o l\u2019aggiornamento, oppure la rettificazione (articolo 7 del Codice in materia di protezione dei dati personali).<br \/>\nAi sensi del medesimo articolo si ha diritto di chiedere la cancellazione, la trasformazione in forma anonima o il blocco dei dati trattati in violazione di legge, nonch\u00e9 di opporsi in ogni caso, per motivi legittimi, al loro trattamento.<br \/>\nLe richieste vanno rivolte:<br \/>\n\u2013 via e-mail all\u2019indirizzo <a href=\"mailto:info@lelitegroup.com\">info@lelitegroup.com<\/a><br \/>\n\u2013 via fax al numero 0421 34 69 01<br \/>\n\u2013 oppure via posta<\/p>\n<p>AGGIORNAMENTO E REVISIONE.<br \/>\nIl presente documento \u00e8 soggetto a revisione con frequenza annuale o secondo le cadenze imposte da legge o rese necessarie da ulteriori implementazioni del sito[\/vc_column_text][vc_empty_space height=&#8221;150px&#8221;][\/vc_column][\/vc_row]<\/p>\n<\/div>","protected":false},"excerpt":{"rendered":"<p>[vc_row type=&#8221;full-nopad&#8221; min_height=&#8221;170&#8243; css=&#8221;.vc_custom_1530110451009{background-color: #1e1e1e !important;}&#8221;][vc_column][\/vc_column][\/vc_row][vc_row type=&#8221;full-nopad&#8221; min_height=&#8221;180&#8243; content_placement=&#8221;middle&#8221; css_animation=&#8221;fadeIn&#8221; css=&#8221;.vc_custom_1564061459350{background-color: #f0ebe7 !important;}&#8221;][vc_column][vc_empty_space height=&#8221;100px&#8221;][vc_raw_html]JTNDY2VudGVyJTNFJTNDaHIlMjBjbGFzcyUzRCUyMmxpbmUtYiUyMiUyMCUyRiUzRSUzQyUyRmNlbnRlciUzRSUwQSUzQ2JyJTJGJTNFJTBBJTNDY2VudGVyJTNFJTNDc3BhbiUyMHN0eWxlJTNEJTIydGV4dC1hbGlnbiUzQSUyMGNlbnRlciUzQiUyMiUzRVByaXZhY3klMjBQb2xpY3klM0MlMkZwJTNFJTNDJTJGY2VudGVyJTNFJTBBJTNDYnIlMkYlM0UlMEElM0NjZW50ZXIlM0UlM0NociUyMGNsYXNzJTNEJTIybGluZS1iJTIyJTIwJTJGJTNFJTNDJTJGY2VudGVyJTNF[\/vc_raw_html][vc_empty_space height=&#8221;100px&#8221;][\/vc_column][\/vc_row][vc_row type=&#8221;boxed&#8221; max_width=&#8221;1280&#8243;][vc_column][vc_empty_space height=&#8221;60px&#8221;][\/vc_column][\/vc_row][vc_row type=&#8221;boxed&#8221; max_width=&#8221;1000&#8243; css_animation=&#8221;fadeIn&#8221;][vc_column][vc_column_text]Con questo documento L&#8217;Elite Group S.r.l. descrive, anche ai sensi dell\u2019art. 13 del d.lgs. n. 196\/2013, le modalit\u00e0 di trattamento dei dati personali degli utenti che consultano il sito web della scrivente a partire dall\u2019indirizzo: &hellip;<\/p>\n","protected":false},"author":1,"featured_media":0,"parent":0,"menu_order":0,"comment_status":"closed","ping_status":"closed","template":"templates\/page-full.php","meta":{"inline_featured_image":false,"footnotes":""},"yoast_head":"<!-- This site is optimized with the Yoast SEO plugin v21.8 - https:\/\/yoast.com\/wordpress\/plugins\/seo\/ -->\r\n<title>Privacy Policy - L&#039;Elite Group<\/title>\r\n<meta name=\"robots\" content=\"index, follow, max-snippet:-1, max-image-preview:large, max-video-preview:-1\" \/>\r\n<link rel=\"canonical\" href=\"https:\/\/www.lelitegroup.com\/it\/privacy-policy\/\" \/>\r\n<meta property=\"og:locale\" content=\"it_IT\" \/>\r\n<meta property=\"og:type\" content=\"article\" \/>\r\n<meta property=\"og:title\" content=\"Privacy Policy - L&#039;Elite Group\" \/>\r\n<meta property=\"og:description\" content=\"[vc_row type=&#8221;full-nopad&#8221; min_height=&#8221;170&#8243; css=&#8221;.vc_custom_1530110451009{background-color: #1e1e1e !important;}&#8221;][vc_column][\/vc_column][\/vc_row][vc_row type=&#8221;full-nopad&#8221; min_height=&#8221;180&#8243; content_placement=&#8221;middle&#8221; css_animation=&#8221;fadeIn&#8221; css=&#8221;.vc_custom_1564061459350{background-color: #f0ebe7 !important;}&#8221;][vc_column][vc_empty_space height=&#8221;100px&#8221;][vc_raw_html]JTNDY2VudGVyJTNFJTNDaHIlMjBjbGFzcyUzRCUyMmxpbmUtYiUyMiUyMCUyRiUzRSUzQyUyRmNlbnRlciUzRSUwQSUzQ2JyJTJGJTNFJTBBJTNDY2VudGVyJTNFJTNDc3BhbiUyMHN0eWxlJTNEJTIydGV4dC1hbGlnbiUzQSUyMGNlbnRlciUzQiUyMiUzRVByaXZhY3klMjBQb2xpY3klM0MlMkZwJTNFJTNDJTJGY2VudGVyJTNFJTBBJTNDYnIlMkYlM0UlMEElM0NjZW50ZXIlM0UlM0NociUyMGNsYXNzJTNEJTIybGluZS1iJTIyJTIwJTJGJTNFJTNDJTJGY2VudGVyJTNF[\/vc_raw_html][vc_empty_space height=&#8221;100px&#8221;][\/vc_column][\/vc_row][vc_row type=&#8221;boxed&#8221; max_width=&#8221;1280&#8243;][vc_column][vc_empty_space height=&#8221;60px&#8221;][\/vc_column][\/vc_row][vc_row type=&#8221;boxed&#8221; max_width=&#8221;1000&#8243; css_animation=&#8221;fadeIn&#8221;][vc_column][vc_column_text]Con questo documento L&#8217;Elite Group S.r.l. descrive, anche ai sensi dell\u2019art. 13 del d.lgs. n. 196\/2013, le modalit\u00e0 di trattamento dei dati personali degli utenti che consultano il sito web della scrivente a partire dall\u2019indirizzo: &hellip;\" \/>\r\n<meta property=\"og:url\" content=\"https:\/\/www.lelitegroup.com\/it\/privacy-policy\/\" \/>\r\n<meta property=\"og:site_name\" content=\"L&#039;Elite Group\" \/>\r\n<meta property=\"article:modified_time\" content=\"2019-07-25T13:31:04+00:00\" \/>\r\n<meta name=\"twitter:card\" content=\"summary_large_image\" \/>\r\n<meta name=\"twitter:label1\" content=\"Tempo di lettura stimato\" \/>\n\t<meta name=\"twitter:data1\" content=\"5 minuti\" \/>\r\n<script type=\"application\/ld+json\" class=\"yoast-schema-graph\">{\"@context\":\"https:\/\/schema.org\",\"@graph\":[{\"@type\":\"WebPage\",\"@id\":\"https:\/\/www.lelitegroup.com\/it\/privacy-policy\/\",\"url\":\"https:\/\/www.lelitegroup.com\/it\/privacy-policy\/\",\"name\":\"Privacy Policy - L&#039;Elite Group\",\"isPartOf\":{\"@id\":\"https:\/\/www.lelitegroup.com\/it\/#website\"},\"datePublished\":\"2018-06-27T14:29:03+00:00\",\"dateModified\":\"2019-07-25T13:31:04+00:00\",\"breadcrumb\":{\"@id\":\"https:\/\/www.lelitegroup.com\/it\/privacy-policy\/#breadcrumb\"},\"inLanguage\":\"it-IT\",\"potentialAction\":[{\"@type\":\"ReadAction\",\"target\":[\"https:\/\/www.lelitegroup.com\/it\/privacy-policy\/\"]}]},{\"@type\":\"BreadcrumbList\",\"@id\":\"https:\/\/www.lelitegroup.com\/it\/privacy-policy\/#breadcrumb\",\"itemListElement\":[{\"@type\":\"ListItem\",\"position\":1,\"name\":\"Home\",\"item\":\"https:\/\/www.lelitegroup.com\/it\/\"},{\"@type\":\"ListItem\",\"position\":2,\"name\":\"Privacy Policy\"}]},{\"@type\":\"WebSite\",\"@id\":\"https:\/\/www.lelitegroup.com\/it\/#website\",\"url\":\"https:\/\/www.lelitegroup.com\/it\/\",\"name\":\"L&#039;Elite Group\",\"description\":\"Un nuovo sito targato WordPress\",\"potentialAction\":[{\"@type\":\"SearchAction\",\"target\":{\"@type\":\"EntryPoint\",\"urlTemplate\":\"https:\/\/www.lelitegroup.com\/it\/?s={search_term_string}\"},\"query-input\":\"required name=search_term_string\"}],\"inLanguage\":\"it-IT\"}]}<\/script>\r\n<!-- \/ Yoast SEO plugin. -->","yoast_head_json":{"title":"Privacy Policy - L&#039;Elite Group","robots":{"index":"index","follow":"follow","max-snippet":"max-snippet:-1","max-image-preview":"max-image-preview:large","max-video-preview":"max-video-preview:-1"},"canonical":"https:\/\/www.lelitegroup.com\/it\/privacy-policy\/","og_locale":"it_IT","og_type":"article","og_title":"Privacy Policy - L&#039;Elite Group","og_description":"[vc_row type=&#8221;full-nopad&#8221; min_height=&#8221;170&#8243; css=&#8221;.vc_custom_1530110451009{background-color: #1e1e1e !important;}&#8221;][vc_column][\/vc_column][\/vc_row][vc_row type=&#8221;full-nopad&#8221; min_height=&#8221;180&#8243; content_placement=&#8221;middle&#8221; css_animation=&#8221;fadeIn&#8221; css=&#8221;.vc_custom_1564061459350{background-color: #f0ebe7 !important;}&#8221;][vc_column][vc_empty_space height=&#8221;100px&#8221;][vc_raw_html]JTNDY2VudGVyJTNFJTNDaHIlMjBjbGFzcyUzRCUyMmxpbmUtYiUyMiUyMCUyRiUzRSUzQyUyRmNlbnRlciUzRSUwQSUzQ2JyJTJGJTNFJTBBJTNDY2VudGVyJTNFJTNDc3BhbiUyMHN0eWxlJTNEJTIydGV4dC1hbGlnbiUzQSUyMGNlbnRlciUzQiUyMiUzRVByaXZhY3klMjBQb2xpY3klM0MlMkZwJTNFJTNDJTJGY2VudGVyJTNFJTBBJTNDYnIlMkYlM0UlMEElM0NjZW50ZXIlM0UlM0NociUyMGNsYXNzJTNEJTIybGluZS1iJTIyJTIwJTJGJTNFJTNDJTJGY2VudGVyJTNF[\/vc_raw_html][vc_empty_space height=&#8221;100px&#8221;][\/vc_column][\/vc_row][vc_row type=&#8221;boxed&#8221; max_width=&#8221;1280&#8243;][vc_column][vc_empty_space height=&#8221;60px&#8221;][\/vc_column][\/vc_row][vc_row type=&#8221;boxed&#8221; max_width=&#8221;1000&#8243; css_animation=&#8221;fadeIn&#8221;][vc_column][vc_column_text]Con questo documento L&#8217;Elite Group S.r.l. descrive, anche ai sensi dell\u2019art. 13 del d.lgs. n. 196\/2013, le modalit\u00e0 di trattamento dei dati personali degli utenti che consultano il sito web della scrivente a partire dall\u2019indirizzo: &hellip;","og_url":"https:\/\/www.lelitegroup.com\/it\/privacy-policy\/","og_site_name":"L&#039;Elite Group","article_modified_time":"2019-07-25T13:31:04+00:00","twitter_card":"summary_large_image","twitter_misc":{"Tempo di lettura stimato":"5 minuti"},"schema":{"@context":"https:\/\/schema.org","@graph":[{"@type":"WebPage","@id":"https:\/\/www.lelitegroup.com\/it\/privacy-policy\/","url":"https:\/\/www.lelitegroup.com\/it\/privacy-policy\/","name":"Privacy Policy - L&#039;Elite Group","isPartOf":{"@id":"https:\/\/www.lelitegroup.com\/it\/#website"},"datePublished":"2018-06-27T14:29:03+00:00","dateModified":"2019-07-25T13:31:04+00:00","breadcrumb":{"@id":"https:\/\/www.lelitegroup.com\/it\/privacy-policy\/#breadcrumb"},"inLanguage":"it-IT","potentialAction":[{"@type":"ReadAction","target":["https:\/\/www.lelitegroup.com\/it\/privacy-policy\/"]}]},{"@type":"BreadcrumbList","@id":"https:\/\/www.lelitegroup.com\/it\/privacy-policy\/#breadcrumb","itemListElement":[{"@type":"ListItem","position":1,"name":"Home","item":"https:\/\/www.lelitegroup.com\/it\/"},{"@type":"ListItem","position":2,"name":"Privacy Policy"}]},{"@type":"WebSite","@id":"https:\/\/www.lelitegroup.com\/it\/#website","url":"https:\/\/www.lelitegroup.com\/it\/","name":"L&#039;Elite Group","description":"Un nuovo sito targato WordPress","potentialAction":[{"@type":"SearchAction","target":{"@type":"EntryPoint","urlTemplate":"https:\/\/www.lelitegroup.com\/it\/?s={search_term_string}"},"query-input":"required name=search_term_string"}],"inLanguage":"it-IT"}]}},"_links":{"self":[{"href":"https:\/\/www.lelitegroup.com\/it\/wp-json\/wp\/v2\/pages\/485"}],"collection":[{"href":"https:\/\/www.lelitegroup.com\/it\/wp-json\/wp\/v2\/pages"}],"about":[{"href":"https:\/\/www.lelitegroup.com\/it\/wp-json\/wp\/v2\/types\/page"}],"author":[{"embeddable":true,"href":"https:\/\/www.lelitegroup.com\/it\/wp-json\/wp\/v2\/users\/1"}],"replies":[{"embeddable":true,"href":"https:\/\/www.lelitegroup.com\/it\/wp-json\/wp\/v2\/comments?post=485"}],"version-history":[{"count":9,"href":"https:\/\/www.lelitegroup.com\/it\/wp-json\/wp\/v2\/pages\/485\/revisions"}],"predecessor-version":[{"id":1400,"href":"https:\/\/www.lelitegroup.com\/it\/wp-json\/wp\/v2\/pages\/485\/revisions\/1400"}],"wp:attachment":[{"href":"https:\/\/www.lelitegroup.com\/it\/wp-json\/wp\/v2\/media?parent=485"}],"curies":[{"name":"wp","href":"https:\/\/api.w.org\/{rel}","templated":true}]}}