{"id":3942,"date":"2022-05-19T15:22:36","date_gmt":"2022-05-19T13:22:36","guid":{"rendered":"https:\/\/www.lelitegroup.com\/?page_id=3942"},"modified":"2025-12-18T17:06:49","modified_gmt":"2025-12-18T16:06:49","slug":"certificazioni","status":"publish","type":"page","link":"https:\/\/www.lelitegroup.com\/it\/certificazioni\/","title":{"rendered":"Certificazioni"},"content":{"rendered":"<div class=\"wpb-content-wrapper\"><p>[vc_row type=&#8221;full-nopad&#8221; css=&#8221;.vc_custom_1524126969530{background-color: #1e1e1e !important;}&#8221;][vc_column]\r\n\t\t\t<div class=\"nm-banner content-full image-type-fluid has-alt-image text-color-dark subtitle-below\" style=\"\"><img loading=\"lazy\" decoding=\"async\" src=\"https:\/\/www.lelitegroup.com\/wp-content\/uploads\/2022\/05\/certificazioni-elite.jpg\" width=\"2560\" height=\"389\" alt=\"certificazioni-elite\" \/><img loading=\"lazy\" decoding=\"async\" src=\"https:\/\/www.lelitegroup.com\/wp-content\/uploads\/2022\/05\/certificazioni-elite-mob.jpg\" class=\"nm-banner-alt-image img\" width=\"1116\" height=\"389\" alt=\"certificazioni-elite-mob\" \/>\r\n\t\t\t<\/div>[\/vc_column][\/vc_row][vc_row type=&#8221;full-nopad&#8221; min_height=&#8221;200&#8243; content_placement=&#8221;middle&#8221; css=&#8221;.vc_custom_1653059306958{background-color: #ffffff !important;}&#8221;][vc_column][vc_raw_html]JTNDY2VudGVyJTNFJTNDaHIlMjBjbGFzcyUzRCUyMmxpbmUtYiUyMiUyMCUyRiUzRSUzQyUyRmNlbnRlciUzRSUwQSUzQ2JyJTJGJTNFJTBBJTNDY2VudGVyJTNFJTNDc3BhbiUyMHN0eWxlJTNEJTIydGV4dC1hbGlnbiUzQSUyMGNlbnRlciUzQiUyMiUzRUNlcnRpZmljYXppb25pJTNDJTJGcCUzRSUzQyUyRmNlbnRlciUzRSUwQSUzQ2JyJTJGJTNFJTBBJTNDY2VudGVyJTNFJTNDaHIlMjBjbGFzcyUzRCUyMmxpbmUtYiUyMiUyMCUyRiUzRSUzQyUyRmNlbnRlciUzRQ==[\/vc_raw_html][\/vc_column][\/vc_row][vc_row type=&#8221;full-nopad&#8221; min_height=&#8221;180&#8243; content_placement=&#8221;middle&#8221; css_animation=&#8221;fadeIn&#8221; css=&#8221;.vc_custom_1653059491055{background-color: #e8f9e1 !important;}&#8221;][vc_column]<div class=\"ult-spacer spacer-69e12ed0420bd\" data-id=\"69e12ed0420bd\" data-height=\"80\" data-height-mobile=\"40\" data-height-tab=\"40\" data-height-tab-portrait=\"40\" data-height-mobile-landscape=\"40\" style=\"clear:both;display:block;\"><\/div>[vc_row_inner type=&#8221;boxed&#8221; el_class=&#8221;1280&#8243;][vc_column_inner el_class=&#8221;1280&#8243; width=&#8221;1\/4&#8243;][\/vc_column_inner][vc_column_inner width=&#8221;1\/2&#8243;][vc_column_text]<\/p>\n<h2 style=\"text-align: center;\">UN IMPEGNO CONDIVISO PER IL FUTURO DEL PIANETA<\/h2>\n<p>[\/vc_column_text][vc_empty_space height=&#8221;20px&#8221;][vc_column_text]<\/p>\n<p style=\"text-align: center;\">L&#8217;Elite Group \u00e8 in possesso delle seguenti certificazioni:<br \/>\n<strong>FSC\u00ae, ISO 14001 e ISO 45001<\/strong><\/p>\n<p>[\/vc_column_text][\/vc_column_inner][vc_column_inner width=&#8221;1\/4&#8243;][\/vc_column_inner][\/vc_row_inner]<div class=\"ult-spacer spacer-69e12ed042112\" data-id=\"69e12ed042112\" data-height=\"80\" data-height-mobile=\"40\" data-height-tab=\"40\" data-height-tab-portrait=\"40\" data-height-mobile-landscape=\"40\" style=\"clear:both;display:block;\"><\/div>[\/vc_column][\/vc_row][vc_row type=&#8221;full-nopad&#8221; min_height=&#8221;200&#8243; content_placement=&#8221;middle&#8221; css_animation=&#8221;fadeIn&#8221; css=&#8221;.vc_custom_1652968490551{background-color: #e8f9e1 !important;}&#8221;][vc_column][vc_row_inner type=&#8221;boxed&#8221;][vc_column_inner][vc_separator accent_color=&#8221;#1e1e1e&#8221;][\/vc_column_inner][\/vc_row_inner]<div class=\"ult-spacer spacer-69e12ed042158\" data-id=\"69e12ed042158\" data-height=\"80\" data-height-mobile=\"40\" data-height-tab=\"40\" data-height-tab-portrait=\"40\" data-height-mobile-landscape=\"40\" style=\"clear:both;display:block;\"><\/div>[vc_row_inner type=&#8221;boxed&#8221;][vc_column_inner width=&#8221;2\/3&#8243; css=&#8221;.vc_custom_1652968307785{padding-right: 40px !important;}&#8221;][vc_column_text]Non c\u2019\u00e8 bellezza, senza una sintesi tra valori estetici e principi etici.<br \/>\nL\u2019Elite Group persegue questa sintesi in tutti i suoi progetti di <i>interior design<\/i>.<\/p>\n<p>A chi ci ha scelto come partner per la flessibilit\u00e0 e la versatilit\u00e0 con cui interpretiamo le idee creative di architetti e designer, per la precisione e la puntualit\u00e0 nella gestione degli allestimenti, per la passione che riserviamo alla scelta dei materiali e delle lavorazioni, diamo oggi due certezze in pi\u00f9:[\/vc_column_text][vc_empty_space height=&#8221;20px&#8221;][vc_column_text]<\/p>\n<ul style=\"padding-left: 20px;\">\n<li>la trasparenza e l\u2019efficacia delle nostre politiche ambientali<\/li>\n<li>l\u2019attenzione per la salute e la sicurezza delle persone che lavorano con noi<\/li>\n<\/ul>\n<p>[\/vc_column_text][vc_empty_space height=&#8221;20px&#8221;][vc_column_text]Nel 2025, siamo orgogliosi di aver ottenuto la certificazione FSC\u00ae &#8211; Forest Stewardship Council: un riconoscimento che certifica che i nostri prodotti sono realizzati con legno proveniente da foreste sostenibili, nel rispetto delle comunit\u00e0 locali e mantenendo elevati standard sia sociali che economici.<\/p>\n<p>Le certificazioni ISO 14001 e ISO 45001, ottenute nel 2022, rappresentano una garanzia di quei principi di salvaguardia dell\u2019ambiente, tutela delle comunit\u00e0 e rispetto per le persone e per il lavoro che ci hanno ispirato in questi primi 30 anni di attivit\u00e0.<\/p>\n<p>Questa \u00e8 la nostra idea di sostenibilit\u00e0: un impegno per il futuro del pianeta che abbiamo il piacere di condividere con clienti, partner e fornitori.[\/vc_column_text]<div class=\"ult-spacer spacer-69e12ed0421ad\" data-id=\"69e12ed0421ad\" data-height=\"0\" data-height-mobile=\"60\" data-height-tab=\"60\" data-height-tab-portrait=\"60\" data-height-mobile-landscape=\"60\" style=\"clear:both;display:block;\"><\/div>[\/vc_column_inner][vc_column_inner width=&#8221;1\/3&#8243;][vc_column_text]<img decoding=\"async\" class=\"alignnone size-full wp-image-4105\" src=\"https:\/\/www.lelitegroup.com\/wp-content\/uploads\/2025\/12\/loghi-1.png\" alt=\"\" width=\"350\" srcset=\"https:\/\/www.lelitegroup.com\/wp-content\/uploads\/2025\/12\/loghi-1.png 1155w, https:\/\/www.lelitegroup.com\/wp-content\/uploads\/2025\/12\/loghi-1-300x72.png 300w, https:\/\/www.lelitegroup.com\/wp-content\/uploads\/2025\/12\/loghi-1-1024x247.png 1024w, https:\/\/www.lelitegroup.com\/wp-content\/uploads\/2025\/12\/loghi-1-768x186.png 768w\" sizes=\"(max-width: 1155px) 100vw, 1155px\" \/>[\/vc_column_text][vc_empty_space height=&#8221;60px&#8221;][vc_column_text]Download certificazioni<\/p>\n<p><a href=\"https:\/\/www.lelitegroup.com\/wp-content\/uploads\/2025\/06\/FSC-Certificate-LElite-Group-Srl.pdf\" target=\"_blank\" rel=\"noopener\">FSC<\/a><\/p>\n<p><a href=\"https:\/\/www.lelitegroup.com\/wp-content\/uploads\/2022\/05\/PC-19128-ISO-45001-certificato-del-17-02-22.pdf\" target=\"_blank\" rel=\"noopener\">ISO 45001:2018<\/a><\/p>\n<p><a href=\"https:\/\/www.lelitegroup.com\/wp-content\/uploads\/2022\/05\/PC-19128-ISO-14001-certificato-del-28-02-22.pdf\" target=\"_blank\" rel=\"noopener\">ISO 14001:2015<\/a><\/p>\n<p><a href=\"https:\/\/www.lelitegroup.com\/wp-content\/uploads\/2024\/01\/politica-ambiente-sicurezza-1.pdf\" target=\"_blank\" rel=\"noopener\">Politica ambiente &#8211; sicurezza\u00a0\u00a0<\/a><\/p>\n<p><a href=\"https:\/\/www.lelitegroup.com\/wp-content\/uploads\/2025\/05\/manuale-duso-e-di-manutenzione-Tavoli-GVMH1000-1200.pdf\" target=\"_blank\" rel=\"noopener\">Manuale d&#8217;uso e di manutenzione tavoli GVMH1000\/1200<\/a><\/p>\n<p><a href=\"https:\/\/www.lelitegroup.com\/wp-content\/uploads\/2025\/05\/allegato-4-manuale-duso-e-di-manutenzione.docx\" target=\"_blank\" rel=\"noopener\">Allegato manuale d&#8217;uso e di manutenzione tavoli GVMH1000\/1200<\/a>[\/vc_column_text][\/vc_column_inner][\/vc_row_inner][vc_empty_space height=&#8221;100px&#8221;][\/vc_column][\/vc_row][vc_row type=&#8221;full-nopad&#8221; css_animation=&#8221;fadeIn&#8221; css=&#8221;.vc_custom_1524397838787{background-color: #1e1e1e !important;}&#8221;][vc_column width=&#8221;1\/3&#8243;][\/vc_column][vc_column width=&#8221;1\/3&#8243;][vc_empty_space height=&#8221;60px&#8221;][vc_column_text el_class=&#8221;.white&#8221;]<\/p>\n<p style=\"text-align: center;\">Contattaci per conoscere come possiamo essere utili per il tuo prossimo progetto<\/p>\n<p>[\/vc_column_text][vc_empty_space height=&#8221;40px&#8221;]\r\n\t\t\t<div class=\"nm_btn_align_center\">\r\n\t\t\t\t<a href=\"http:\/\/www.lelitegroup.com\/contatti\/\" class=\"nm_btn nm_btn_lg nm_btn_border\" style=\"color:#f8efe6;\">\r\n\t\t\t\t\t<span class=\"nm_btn_title\">Contattaci<\/span>\r\n\t\t\t\t\t<span class=\"nm_btn_bg\"><\/span>\r\n\t\t\t\t<\/a>\r\n\t\t\t<\/div>[vc_empty_space height=&#8221;60px&#8221;][\/vc_column][vc_column width=&#8221;1\/3&#8243;][\/vc_column][\/vc_row][vc_row type=&#8221;full-nopad&#8221; css_animation=&#8221;fadeIn&#8221; css=&#8221;.vc_custom_1564047492247{background-color: #f0ebe7 !important;}&#8221;][vc_column][vc_empty_space height=&#8221;100px&#8221;][vc_row_inner type=&#8221;boxed&#8221;][vc_column_inner width=&#8221;1\/4&#8243;][\/vc_column_inner][vc_column_inner width=&#8221;1\/4&#8243;][vc_single_image image=&#8221;285&#8243; img_size=&#8221;250&#215;250&#8243; alignment=&#8221;center&#8221;][vc_empty_space height=&#8221;60px&#8221;]\r\n\t\t\t<div class=\"nm_btn_align_center\">\r\n\t\t\t\t<a href=\"http:\/\/www.lelitegroup.com\/concetti\/\" class=\"nm_btn nm_btn_lg nm_btn_border\" style=\"color:#1e1e1e;\">\r\n\t\t\t\t\t<span class=\"nm_btn_title\">Concetti<\/span>\r\n\t\t\t\t\t<span class=\"nm_btn_bg\"><\/span>\r\n\t\t\t\t<\/a>\r\n\t\t\t<\/div><div class=\"ult-spacer spacer-69e12ed0422bf\" data-id=\"69e12ed0422bf\" data-height=\"0\" data-height-mobile=\"60\" data-height-tab=\"60\" data-height-tab-portrait=\"60\" data-height-mobile-landscape=\"60\" style=\"clear:both;display:block;\"><\/div>[\/vc_column_inner][vc_column_inner width=&#8221;1\/4&#8243;][vc_single_image image=&#8221;442&#8243; img_size=&#8221;250&#215;250&#8243; alignment=&#8221;center&#8221;][vc_empty_space height=&#8221;60px&#8221;]\r\n\t\t\t<div class=\"nm_btn_align_center\">\r\n\t\t\t\t<a href=\"http:\/\/www.lelitegroup.com\/it\/portfolio\/\" class=\"nm_btn nm_btn_lg nm_btn_border\" title=\"Portfolio\" style=\"color:#1e1e1e;\">\r\n\t\t\t\t\t<span class=\"nm_btn_title\">Realizzazioni<\/span>\r\n\t\t\t\t\t<span class=\"nm_btn_bg\"><\/span>\r\n\t\t\t\t<\/a>\r\n\t\t\t<\/div><div class=\"ult-spacer spacer-69e12ed042360\" data-id=\"69e12ed042360\" data-height=\"0\" data-height-mobile=\"60\" data-height-tab=\"60\" data-height-tab-portrait=\"60\" data-height-mobile-landscape=\"60\" style=\"clear:both;display:block;\"><\/div>[\/vc_column_inner][vc_column_inner width=&#8221;1\/4&#8243;][\/vc_column_inner][\/vc_row_inner]<div class=\"ult-spacer spacer-69e12ed04239e\" data-id=\"69e12ed04239e\" data-height=\"80\" data-height-mobile=\"0\" data-height-tab=\"0\" data-height-tab-portrait=\"0\" data-height-mobile-landscape=\"0\" style=\"clear:both;display:block;\"><\/div>[\/vc_column][\/vc_row]<\/p>\n<\/div>","protected":false},"excerpt":{"rendered":"<p>[vc_row type=&#8221;full-nopad&#8221; css=&#8221;.vc_custom_1524126969530{background-color: #1e1e1e !important;}&#8221;][vc_column][\/vc_column][\/vc_row][vc_row type=&#8221;full-nopad&#8221; min_height=&#8221;200&#8243; content_placement=&#8221;middle&#8221; css=&#8221;.vc_custom_1653059306958{background-color: #ffffff !important;}&#8221;][vc_column][vc_raw_html]JTNDY2VudGVyJTNFJTNDaHIlMjBjbGFzcyUzRCUyMmxpbmUtYiUyMiUyMCUyRiUzRSUzQyUyRmNlbnRlciUzRSUwQSUzQ2JyJTJGJTNFJTBBJTNDY2VudGVyJTNFJTNDc3BhbiUyMHN0eWxlJTNEJTIydGV4dC1hbGlnbiUzQSUyMGNlbnRlciUzQiUyMiUzRUNlcnRpZmljYXppb25pJTNDJTJGcCUzRSUzQyUyRmNlbnRlciUzRSUwQSUzQ2JyJTJGJTNFJTBBJTNDY2VudGVyJTNFJTNDaHIlMjBjbGFzcyUzRCUyMmxpbmUtYiUyMiUyMCUyRiUzRSUzQyUyRmNlbnRlciUzRQ==[\/vc_raw_html][\/vc_column][\/vc_row][vc_row type=&#8221;full-nopad&#8221; min_height=&#8221;180&#8243; content_placement=&#8221;middle&#8221; css_animation=&#8221;fadeIn&#8221; css=&#8221;.vc_custom_1653059491055{background-color: #e8f9e1 !important;}&#8221;][vc_column][vc_row_inner type=&#8221;boxed&#8221; el_class=&#8221;1280&#8243;][vc_column_inner el_class=&#8221;1280&#8243; width=&#8221;1\/4&#8243;][\/vc_column_inner][vc_column_inner width=&#8221;1\/2&#8243;][vc_column_text] UN IMPEGNO CONDIVISO PER IL FUTURO DEL PIANETA [\/vc_column_text][vc_empty_space height=&#8221;20px&#8221;][vc_column_text] L&#8217;Elite Group \u00e8 in possesso delle seguenti certificazioni: FSC\u00ae, ISO 14001 e ISO 45001 [\/vc_column_text][\/vc_column_inner][vc_column_inner width=&#8221;1\/4&#8243;][\/vc_column_inner][\/vc_row_inner][\/vc_column][\/vc_row][vc_row type=&#8221;full-nopad&#8221; min_height=&#8221;200&#8243; content_placement=&#8221;middle&#8221; css_animation=&#8221;fadeIn&#8221; css=&#8221;.vc_custom_1652968490551{background-color: #e8f9e1 &hellip;<\/p>\n","protected":false},"author":1,"featured_media":0,"parent":0,"menu_order":0,"comment_status":"closed","ping_status":"closed","template":"templates\/page-full.php","meta":{"inline_featured_image":false,"footnotes":""},"yoast_head":"<!-- This site is optimized with the Yoast SEO plugin v21.8 - https:\/\/yoast.com\/wordpress\/plugins\/seo\/ -->\r\n<title>Certificazioni - L&#039;Elite Group<\/title>\r\n<meta name=\"robots\" content=\"index, follow, max-snippet:-1, max-image-preview:large, max-video-preview:-1\" \/>\r\n<link rel=\"canonical\" href=\"https:\/\/www.lelitegroup.com\/it\/certificazioni\/\" \/>\r\n<meta property=\"og:locale\" content=\"it_IT\" \/>\r\n<meta property=\"og:type\" content=\"article\" \/>\r\n<meta property=\"og:title\" content=\"Certificazioni - L&#039;Elite Group\" \/>\r\n<meta property=\"og:description\" content=\"[vc_row type=&#8221;full-nopad&#8221; css=&#8221;.vc_custom_1524126969530{background-color: #1e1e1e !important;}&#8221;][vc_column][\/vc_column][\/vc_row][vc_row type=&#8221;full-nopad&#8221; min_height=&#8221;200&#8243; content_placement=&#8221;middle&#8221; css=&#8221;.vc_custom_1653059306958{background-color: #ffffff !important;}&#8221;][vc_column][vc_raw_html]JTNDY2VudGVyJTNFJTNDaHIlMjBjbGFzcyUzRCUyMmxpbmUtYiUyMiUyMCUyRiUzRSUzQyUyRmNlbnRlciUzRSUwQSUzQ2JyJTJGJTNFJTBBJTNDY2VudGVyJTNFJTNDc3BhbiUyMHN0eWxlJTNEJTIydGV4dC1hbGlnbiUzQSUyMGNlbnRlciUzQiUyMiUzRUNlcnRpZmljYXppb25pJTNDJTJGcCUzRSUzQyUyRmNlbnRlciUzRSUwQSUzQ2JyJTJGJTNFJTBBJTNDY2VudGVyJTNFJTNDaHIlMjBjbGFzcyUzRCUyMmxpbmUtYiUyMiUyMCUyRiUzRSUzQyUyRmNlbnRlciUzRQ==[\/vc_raw_html][\/vc_column][\/vc_row][vc_row type=&#8221;full-nopad&#8221; min_height=&#8221;180&#8243; content_placement=&#8221;middle&#8221; css_animation=&#8221;fadeIn&#8221; css=&#8221;.vc_custom_1653059491055{background-color: #e8f9e1 !important;}&#8221;][vc_column][vc_row_inner type=&#8221;boxed&#8221; el_class=&#8221;1280&#8243;][vc_column_inner el_class=&#8221;1280&#8243; width=&#8221;1\/4&#8243;][\/vc_column_inner][vc_column_inner width=&#8221;1\/2&#8243;][vc_column_text] UN IMPEGNO CONDIVISO PER IL FUTURO DEL PIANETA [\/vc_column_text][vc_empty_space height=&#8221;20px&#8221;][vc_column_text] L&#8217;Elite Group \u00e8 in possesso delle seguenti certificazioni: FSC\u00ae, ISO 14001 e ISO 45001 [\/vc_column_text][\/vc_column_inner][vc_column_inner width=&#8221;1\/4&#8243;][\/vc_column_inner][\/vc_row_inner][\/vc_column][\/vc_row][vc_row type=&#8221;full-nopad&#8221; min_height=&#8221;200&#8243; content_placement=&#8221;middle&#8221; css_animation=&#8221;fadeIn&#8221; css=&#8221;.vc_custom_1652968490551{background-color: #e8f9e1 &hellip;\" \/>\r\n<meta property=\"og:url\" content=\"https:\/\/www.lelitegroup.com\/it\/certificazioni\/\" \/>\r\n<meta property=\"og:site_name\" content=\"L&#039;Elite Group\" \/>\r\n<meta property=\"article:modified_time\" content=\"2025-12-18T16:06:49+00:00\" \/>\r\n<meta property=\"og:image\" content=\"https:\/\/www.lelitegroup.com\/wp-content\/uploads\/2025\/12\/loghi-1.png\" \/>\r\n<meta name=\"twitter:card\" content=\"summary_large_image\" \/>\r\n<meta name=\"twitter:label1\" content=\"Tempo di lettura stimato\" \/>\n\t<meta name=\"twitter:data1\" content=\"3 minuti\" \/>\r\n<script type=\"application\/ld+json\" class=\"yoast-schema-graph\">{\"@context\":\"https:\/\/schema.org\",\"@graph\":[{\"@type\":\"WebPage\",\"@id\":\"https:\/\/www.lelitegroup.com\/it\/certificazioni\/\",\"url\":\"https:\/\/www.lelitegroup.com\/it\/certificazioni\/\",\"name\":\"Certificazioni - L&#039;Elite Group\",\"isPartOf\":{\"@id\":\"https:\/\/www.lelitegroup.com\/it\/#website\"},\"datePublished\":\"2022-05-19T13:22:36+00:00\",\"dateModified\":\"2025-12-18T16:06:49+00:00\",\"breadcrumb\":{\"@id\":\"https:\/\/www.lelitegroup.com\/it\/certificazioni\/#breadcrumb\"},\"inLanguage\":\"it-IT\",\"potentialAction\":[{\"@type\":\"ReadAction\",\"target\":[\"https:\/\/www.lelitegroup.com\/it\/certificazioni\/\"]}]},{\"@type\":\"BreadcrumbList\",\"@id\":\"https:\/\/www.lelitegroup.com\/it\/certificazioni\/#breadcrumb\",\"itemListElement\":[{\"@type\":\"ListItem\",\"position\":1,\"name\":\"Home\",\"item\":\"https:\/\/www.lelitegroup.com\/it\/\"},{\"@type\":\"ListItem\",\"position\":2,\"name\":\"Certificazioni\"}]},{\"@type\":\"WebSite\",\"@id\":\"https:\/\/www.lelitegroup.com\/it\/#website\",\"url\":\"https:\/\/www.lelitegroup.com\/it\/\",\"name\":\"L&#039;Elite Group\",\"description\":\"Un nuovo sito targato WordPress\",\"potentialAction\":[{\"@type\":\"SearchAction\",\"target\":{\"@type\":\"EntryPoint\",\"urlTemplate\":\"https:\/\/www.lelitegroup.com\/it\/?s={search_term_string}\"},\"query-input\":\"required name=search_term_string\"}],\"inLanguage\":\"it-IT\"}]}<\/script>\r\n<!-- \/ Yoast SEO plugin. -->","yoast_head_json":{"title":"Certificazioni - L&#039;Elite Group","robots":{"index":"index","follow":"follow","max-snippet":"max-snippet:-1","max-image-preview":"max-image-preview:large","max-video-preview":"max-video-preview:-1"},"canonical":"https:\/\/www.lelitegroup.com\/it\/certificazioni\/","og_locale":"it_IT","og_type":"article","og_title":"Certificazioni - L&#039;Elite Group","og_description":"[vc_row type=&#8221;full-nopad&#8221; css=&#8221;.vc_custom_1524126969530{background-color: #1e1e1e !important;}&#8221;][vc_column][\/vc_column][\/vc_row][vc_row type=&#8221;full-nopad&#8221; min_height=&#8221;200&#8243; content_placement=&#8221;middle&#8221; css=&#8221;.vc_custom_1653059306958{background-color: #ffffff !important;}&#8221;][vc_column][vc_raw_html]JTNDY2VudGVyJTNFJTNDaHIlMjBjbGFzcyUzRCUyMmxpbmUtYiUyMiUyMCUyRiUzRSUzQyUyRmNlbnRlciUzRSUwQSUzQ2JyJTJGJTNFJTBBJTNDY2VudGVyJTNFJTNDc3BhbiUyMHN0eWxlJTNEJTIydGV4dC1hbGlnbiUzQSUyMGNlbnRlciUzQiUyMiUzRUNlcnRpZmljYXppb25pJTNDJTJGcCUzRSUzQyUyRmNlbnRlciUzRSUwQSUzQ2JyJTJGJTNFJTBBJTNDY2VudGVyJTNFJTNDaHIlMjBjbGFzcyUzRCUyMmxpbmUtYiUyMiUyMCUyRiUzRSUzQyUyRmNlbnRlciUzRQ==[\/vc_raw_html][\/vc_column][\/vc_row][vc_row type=&#8221;full-nopad&#8221; min_height=&#8221;180&#8243; content_placement=&#8221;middle&#8221; css_animation=&#8221;fadeIn&#8221; css=&#8221;.vc_custom_1653059491055{background-color: #e8f9e1 !important;}&#8221;][vc_column][vc_row_inner type=&#8221;boxed&#8221; el_class=&#8221;1280&#8243;][vc_column_inner el_class=&#8221;1280&#8243; width=&#8221;1\/4&#8243;][\/vc_column_inner][vc_column_inner width=&#8221;1\/2&#8243;][vc_column_text] UN IMPEGNO CONDIVISO PER IL FUTURO DEL PIANETA [\/vc_column_text][vc_empty_space height=&#8221;20px&#8221;][vc_column_text] L&#8217;Elite Group \u00e8 in possesso delle seguenti certificazioni: FSC\u00ae, ISO 14001 e ISO 45001 [\/vc_column_text][\/vc_column_inner][vc_column_inner width=&#8221;1\/4&#8243;][\/vc_column_inner][\/vc_row_inner][\/vc_column][\/vc_row][vc_row type=&#8221;full-nopad&#8221; min_height=&#8221;200&#8243; content_placement=&#8221;middle&#8221; css_animation=&#8221;fadeIn&#8221; css=&#8221;.vc_custom_1652968490551{background-color: #e8f9e1 &hellip;","og_url":"https:\/\/www.lelitegroup.com\/it\/certificazioni\/","og_site_name":"L&#039;Elite Group","article_modified_time":"2025-12-18T16:06:49+00:00","og_image":[{"url":"https:\/\/www.lelitegroup.com\/wp-content\/uploads\/2025\/12\/loghi-1.png"}],"twitter_card":"summary_large_image","twitter_misc":{"Tempo di lettura stimato":"3 minuti"},"schema":{"@context":"https:\/\/schema.org","@graph":[{"@type":"WebPage","@id":"https:\/\/www.lelitegroup.com\/it\/certificazioni\/","url":"https:\/\/www.lelitegroup.com\/it\/certificazioni\/","name":"Certificazioni - L&#039;Elite Group","isPartOf":{"@id":"https:\/\/www.lelitegroup.com\/it\/#website"},"datePublished":"2022-05-19T13:22:36+00:00","dateModified":"2025-12-18T16:06:49+00:00","breadcrumb":{"@id":"https:\/\/www.lelitegroup.com\/it\/certificazioni\/#breadcrumb"},"inLanguage":"it-IT","potentialAction":[{"@type":"ReadAction","target":["https:\/\/www.lelitegroup.com\/it\/certificazioni\/"]}]},{"@type":"BreadcrumbList","@id":"https:\/\/www.lelitegroup.com\/it\/certificazioni\/#breadcrumb","itemListElement":[{"@type":"ListItem","position":1,"name":"Home","item":"https:\/\/www.lelitegroup.com\/it\/"},{"@type":"ListItem","position":2,"name":"Certificazioni"}]},{"@type":"WebSite","@id":"https:\/\/www.lelitegroup.com\/it\/#website","url":"https:\/\/www.lelitegroup.com\/it\/","name":"L&#039;Elite Group","description":"Un nuovo sito targato WordPress","potentialAction":[{"@type":"SearchAction","target":{"@type":"EntryPoint","urlTemplate":"https:\/\/www.lelitegroup.com\/it\/?s={search_term_string}"},"query-input":"required name=search_term_string"}],"inLanguage":"it-IT"}]}},"_links":{"self":[{"href":"https:\/\/www.lelitegroup.com\/it\/wp-json\/wp\/v2\/pages\/3942"}],"collection":[{"href":"https:\/\/www.lelitegroup.com\/it\/wp-json\/wp\/v2\/pages"}],"about":[{"href":"https:\/\/www.lelitegroup.com\/it\/wp-json\/wp\/v2\/types\/page"}],"author":[{"embeddable":true,"href":"https:\/\/www.lelitegroup.com\/it\/wp-json\/wp\/v2\/users\/1"}],"replies":[{"embeddable":true,"href":"https:\/\/www.lelitegroup.com\/it\/wp-json\/wp\/v2\/comments?post=3942"}],"version-history":[{"count":48,"href":"https:\/\/www.lelitegroup.com\/it\/wp-json\/wp\/v2\/pages\/3942\/revisions"}],"predecessor-version":[{"id":4107,"href":"https:\/\/www.lelitegroup.com\/it\/wp-json\/wp\/v2\/pages\/3942\/revisions\/4107"}],"wp:attachment":[{"href":"https:\/\/www.lelitegroup.com\/it\/wp-json\/wp\/v2\/media?parent=3942"}],"curies":[{"name":"wp","href":"https:\/\/api.w.org\/{rel}","templated":true}]}}