{"id":3883,"date":"2021-10-08T10:51:34","date_gmt":"2021-10-08T08:51:34","guid":{"rendered":"https:\/\/www.lelitegroup.com\/?page_id=3883"},"modified":"2022-05-23T09:09:00","modified_gmt":"2022-05-23T07:09:00","slug":"legnoantico","status":"publish","type":"page","link":"https:\/\/www.lelitegroup.com\/it\/legnoantico\/","title":{"rendered":"Legno antico"},"content":{"rendered":"<div class=\"wpb-content-wrapper\"><p>[vc_row type=&#8221;full-nopad&#8221; css=&#8221;.vc_custom_1634826522716{background-color: #1e1e1e !important;}&#8221;][vc_column]\r\n\t\t\t<div class=\"nm-banner content-full image-type-fluid has-alt-image text-color-dark subtitle-below\" style=\"\"><img loading=\"lazy\" decoding=\"async\" src=\"https:\/\/www.lelitegroup.com\/wp-content\/uploads\/2021\/10\/legno-antico-lelite-dsktp.jpg\" width=\"1920\" height=\"450\" alt=\"legno-antico-lelite-dsktp\" \/><img loading=\"lazy\" decoding=\"async\" src=\"https:\/\/www.lelitegroup.com\/wp-content\/uploads\/2021\/10\/legno-antico-lelite.jpg\" class=\"nm-banner-alt-image img\" width=\"1920\" height=\"823\" alt=\"legno-antico-lelite\" \/>\r\n\t\t\t<\/div>[\/vc_column][\/vc_row][vc_row type=&#8221;full-nopad&#8221; min_height=&#8221;200&#8243; content_placement=&#8221;middle&#8221; css=&#8221;.vc_custom_1524131567150{background-color: #1e1e1e !important;}&#8221;][vc_column][vc_raw_html]JTNDY2VudGVyJTNFJTNDaHIlMjBjbGFzcyUzRCUyMmxpbmUteSUyMiUyMCUyRiUzRSUzQyUyRmNlbnRlciUzRSUwQSUzQ2JyJTJGJTNFJTBBJTNDY2VudGVyJTNFJTNDc3BhbiUyMGNsYXNzJTNEJTIyd2hpdGUlMjIlMjBzdHlsZSUzRCUyMnRleHQtYWxpZ24lM0ElMjBjZW50ZXIlM0IlMjIlM0VMZWdubyUyMGFudGljbyUzQyUyRnAlM0UlM0MlMkZjZW50ZXIlM0UlMEElM0NiciUyRiUzRSUwQSUzQ2NlbnRlciUzRSUzQ2hyJTIwY2xhc3MlM0QlMjJsaW5lLXklMjIlMjAlMkYlM0UlM0MlMkZjZW50ZXIlM0U=[\/vc_raw_html][\/vc_column][\/vc_row][vc_row type=&#8221;full-nopad&#8221; min_height=&#8221;180&#8243; content_placement=&#8221;middle&#8221; css_animation=&#8221;fadeIn&#8221; css=&#8221;.vc_custom_1564047456525{background-color: #f0ebe7 !important;}&#8221;][vc_column][vc_empty_space height=&#8221;80px&#8221;][vc_row_inner type=&#8221;boxed&#8221; el_class=&#8221;1280&#8243;][vc_column_inner el_class=&#8221;1280&#8243;][vc_column_text]<\/p>\n<h2 style=\"text-align: center; padding-bottom: 10px;\">Elogio del legno antico<\/h2>\n<p style=\"text-align: center;\">Il legno antico \u00e8 carico di enfasi emotiva e valore culturale. Supera la semplice materialit\u00e0, coniugando attrazione per ci\u00f2 che il tempo \u00e8 stato capace di aggiungere, in particolare quei codici e magisteri dell&#8217;epoca in cui \u00e8 stato originariamente posto in opera. In altre parole, il legno antico \u00e8 come un libro in cui sono scritte tante storie che si possono leggere senza troppa difficolt\u00e0. Preferiamo parlare di legno antico, anzich\u00e9 di legno vecchio, sinonimo di decadimento, privo di attualit\u00e0 e contrapposto a giovane, mentre antico \u00e8 la manifestazione concreta della cultura e del gusto del passato, capace di innovative inferenze costruttive e creative.<\/p>\n<p style=\"text-align: center;\">Nel legno nuovo il tempo inizia a scorrere, nel legno antico il tempo si \u00e8 fermato. Si pu\u00f2 dunque sostenere che il legno antico \u00e8 un nuovo materiale e come tale il suo riuso va progettato, senza tradirne il carattere sedimentato e posto in opera con intenzioni e tecnologie spesso desuete o dimenticate. Nel dettaglio costruttivo si dovranno leggere i riferimenti storici dell\u2019impiego del legno o perlomeno nuove interpretazioni della grande tradizione della carpenteria, cristallizzata nella manualistica o ancora in opera in edifici storici. Cos\u00ec il passato sar\u00e0 nuovamente futuro.<\/p>\n<p style=\"text-align: center;\">Prof. arch. Franco Laner<\/p>\n<p>[\/vc_column_text][vc_column_text]<\/p>\n<p><center><img decoding=\"async\" src=\"https:\/\/www.lelitegroup.com\/wp-content\/uploads\/2022\/05\/firma.svg\" width=\"200px\" \/><\/center>[\/vc_column_text][\/vc_column_inner][\/vc_row_inner][vc_empty_space height=&#8221;80px&#8221;][vc_row_inner type=&#8221;boxed&#8221; el_class=&#8221;1280&#8243;][vc_column_inner el_class=&#8221;1280&#8243;]<div class=\"nm-banner-slider plugin-slick pagination-color-gray slick-slider slick-dots-inside has-pagination pagination-mobile-outside pagination-left\" data-arrows=\"true\" data-dots=\"true\" data-speed=\"1000\" data-autoplay=\"true\" data-autoplay-speed=\"2500\">\r\n\t\t\t<div class=\"nm-banner content-full image-type-fluid text-color-dark subtitle-below\" style=\"\"><img loading=\"lazy\" decoding=\"async\" src=\"https:\/\/www.lelitegroup.com\/wp-content\/uploads\/2021\/10\/legno-antico-lelite-01.jpg\" width=\"1920\" height=\"1280\" alt=\"legno-antico-lelite-01\" \/>\r\n\t\t\t<\/div>\r\n\t\t\t<div class=\"nm-banner content-full image-type-fluid text-color-dark subtitle-below\" style=\"\"><img loading=\"lazy\" decoding=\"async\" src=\"https:\/\/www.lelitegroup.com\/wp-content\/uploads\/2021\/10\/legno-antico-lelite-03.jpg\" width=\"1920\" height=\"1280\" alt=\"legno-antico-lelite-03\" \/>\r\n\t\t\t<\/div>\r\n\t\t\t<div class=\"nm-banner content-full image-type-fluid text-color-dark subtitle-below\" style=\"\"><img loading=\"lazy\" decoding=\"async\" src=\"https:\/\/www.lelitegroup.com\/wp-content\/uploads\/2021\/10\/legno-antico-lelite-04.jpg\" width=\"1920\" height=\"1280\" alt=\"legno-antico-lelite-04\" \/>\r\n\t\t\t<\/div>\r\n\t\t\t<div class=\"nm-banner content-full image-type-fluid text-color-dark subtitle-below\" style=\"\"><img loading=\"lazy\" decoding=\"async\" src=\"https:\/\/www.lelitegroup.com\/wp-content\/uploads\/2021\/10\/legno-antico-lelite-05.jpg\" width=\"1920\" height=\"1280\" alt=\"legno-antico-lelite-05\" \/>\r\n\t\t\t<\/div><\/div>[\/vc_column_inner][\/vc_row_inner][vc_empty_space height=&#8221;80px&#8221;][\/vc_column][\/vc_row][vc_row type=&#8221;boxed&#8221; max_width=&#8221;1200&#8243; css_animation=&#8221;fadeIn&#8221;][vc_column]<div class=\"ult-spacer spacer-69f1de8dce21f\" data-id=\"69f1de8dce21f\" data-height=\"80\" data-height-mobile=\"80\" data-height-tab=\"80\" data-height-tab-portrait=\"80\" data-height-mobile-landscape=\"80\" style=\"clear:both;display:block;\"><\/div>[\/vc_column][\/vc_row][vc_row type=&#8221;boxed&#8221; content_placement=&#8221;middle&#8221; css_animation=&#8221;none&#8221;][vc_column width=&#8221;1\/2&#8243;][vc_single_image image=&#8221;3925&#8243; img_size=&#8221;full&#8221;][vc_column_text]<span style=\"font-size: 12px; line-height: 12px;\">Tav. II del Manuale d\u2019architettura di Giovanni Branca, ed, 1757.\u00a0Si notino le unioni per la sovrapposizione delle travi di tipo leonardesco e le sezioni delle travi in uso: b = 1\/2h e b = 5\/7h<\/span>[\/vc_column_text]<div class=\"ult-spacer spacer-69f1de8dce27b\" data-id=\"69f1de8dce27b\" data-height=\"0\" data-height-mobile=\"40\" data-height-tab=\"40\" data-height-tab-portrait=\"40\" data-height-mobile-landscape=\"40\" style=\"clear:both;display:block;\"><\/div>[\/vc_column][vc_column width=&#8221;1\/2&#8243;][vc_column_text]<span style=\"font-size: 18px;\">SOSTENIBILIT\u00c0<\/span><\/p>\n<p>Il valore del legno antico risiede non solo nella sua capacit\u00e0 di tramandare storia e conoscenza, ma anche nella sua identit\u00e0 eco-sostenibile. Conservare elementi strutturali di legno provenienti da demolizioni e riproporli in opera, ripensandoli e reintroducendoli nel ciclo economico rispecchia il fulcro ideologico dell&#8217;economia circolare. Con il recupero e il riutilizzo di travi usate si risparmiano nuovi tagli d&#8217;alberi ed ulteriore energia di filiera. Inoltre, grazie a tale procedimento, il ciclo di vita del legno viene prolungato e il suo smaltimento ritardato.<\/p>\n<p>Dopo numerose vite passate, il legno antico che si presenta a noi oggi racchiude in s\u00e9 numerosi valori aggiuntivi. Sfruttare e valorizzare queste caratteristiche non \u00e8 affatto semplice poich\u00e8 non \u00e8 sufficiente esibire il legno, ma \u00e8 necessaria una vera e propria progettazione. Impiegare il legno antico \u00e8 un\u2019opportunit\u00e0 concessa a pochi e come tale richiede la capacit\u00e0 di assecondarne non solo le qualit\u00e0 materiche ma anche quelle &#8220;spirituali&#8221;, dando risalto alla sua storia e lavorazione, alle giunzioni e unioni, agli incastri e intersezioni. Un\u2019annotazione: le fessure longitudinali nelle travi con cuore non sono patologiche, bens\u00ec fisiologiche, dovute al naturale ritiro del legno stagionato.<\/p>\n<p>Ogni trave di legno antico non \u00e8 solo una nuova occasione di progetto, ma anche e soprattutto una nuova possibilit\u00e0 per riflettere e riscoprire l&#8217;intelligenza costruttiva di chi lo ha gi\u00e0 adoperato.[\/vc_column_text][\/vc_column][\/vc_row][vc_row type=&#8221;boxed&#8221;][vc_column][vc_empty_space height=&#8221;100px&#8221;][\/vc_column][\/vc_row][vc_row type=&#8221;boxed&#8221; max_width=&#8221;1680&#8243; content_placement=&#8221;top&#8221; css_animation=&#8221;none&#8221;][vc_column width=&#8221;1\/3&#8243; offset=&#8221;vc_hidden-lg vc_hidden-md&#8221;][vc_single_image image=&#8221;3923&#8243; img_size=&#8221;full&#8221;][\/vc_column][vc_column width=&#8221;1\/3&#8243;][vc_column_text]Spesso si trovano incisi sui legni antichi i \u201csegne de ciasa\u201d, che sono l\u2019orgoglio firmato del fornitore del legno, oppure alcuni buchi cilindrici che ci ricordano i passaggi delle funi che legavano i tronchi delle zattere che lo fluitavano dai boschi alla laguna e rievocano tante storie legate all\u2019abilit\u00e0 degli zatteri, sia nel viaggio di andata col prezioso carico &#8211; sulle zattere venivano trasportati anche altri beni, formaggio, caprini e ovini\u2026 &#8211; sia nel viaggio di ritorno, carico di insidie per chi aveva in tasca il ricavato della consegna<\/p>\n<p>Una forte eredit\u00e0 culturale e conoscitiva del legno, arricchitasi nei secoli, ci \u00e8 stata tramandata fino ad oggi e costituisce gran parte della competenza che applichiamo nel nostro lavoro. La vicinanza a Venezia infatti, dove il legno \u00e8 stato protagonista millenario in tanti impieghi &#8211; navali e civili &#8211; ci ha contagiato e indotto ad un suo virtuoso uso.<\/p>\n<p>La famosa &#8220;citt\u00e0 sull&#8217;acqua&#8221; \u00e8 stata costruita proprio con il legno: sorretta da pali di olmo, larice e anche rovere, conficcati con forza nel terreno. Ma il legno a Venezia non si trova solamente sott&#8217;acqua, ma \u00e8 stato poi impiegato per solai, tetti ed altane a toccare il cielo.[\/vc_column_text][vc_empty_space height=&#8221;30px&#8221;][\/vc_column][vc_column width=&#8221;1\/3&#8243; offset=&#8221;vc_hidden-sm vc_hidden-xs&#8221;][vc_single_image image=&#8221;3923&#8243; img_size=&#8221;full&#8221;][vc_column_text]<span style=\"font-size: 12px; line-height: 12px;\">Regesto di segni di segherie conservato all\u2019Archivio di Stato di Venezia. Spesso questi segni si trovano sulle nostre travi e cos\u00ec sono databili.<\/span>[\/vc_column_text][\/vc_column][vc_column width=&#8221;1\/3&#8243;]<div class=\"nm-banner-slider plugin-slick pagination-color-gray slick-slider slick-dots-disabled\" data-fade=\"true\" data-speed=\"1000\" data-autoplay=\"true\" data-autoplay-speed=\"1000\">\r\n\t\t\t<div class=\"nm-banner content-full image-type-fluid text-color-dark subtitle-below\" style=\"\"><img loading=\"lazy\" decoding=\"async\" src=\"https:\/\/www.lelitegroup.com\/wp-content\/uploads\/2021\/10\/legno-antico-lelite-14.jpg\" width=\"1080\" height=\"1680\" alt=\"legno-antico-lelite-14\" \/>\r\n\t\t\t<\/div>\r\n\t\t\t<div class=\"nm-banner content-full image-type-fluid text-color-dark subtitle-below\" style=\"\"><img loading=\"lazy\" decoding=\"async\" src=\"https:\/\/www.lelitegroup.com\/wp-content\/uploads\/2021\/10\/legno-antico-lelite-15.jpg\" width=\"1080\" height=\"1680\" alt=\"legno-antico-lelite-15\" \/>\r\n\t\t\t<\/div><\/div>[vc_column_text]<span style=\"font-size: 12px; line-height: 12px;\">Esbosco con la risina, canale costruito con tronchi per la discesa fino al piano, dove un battacchio segnalava l\u2019arrivo dei tronchi e dal tipo di suono i boscaioli individuavano la qualit\u00e0 del legno.<\/span>[\/vc_column_text][\/vc_column][\/vc_row][vc_row type=&#8221;boxed&#8221;][vc_column][vc_empty_space height=&#8221;100px&#8221;][\/vc_column][\/vc_row][vc_row type=&#8221;boxed&#8221;][vc_column]<div class=\"nm-banner-slider plugin-slick pagination-color-gray slick-slider slick-dots-inside has-pagination pagination-mobile-outside pagination-left\" data-arrows=\"true\" data-dots=\"true\" data-speed=\"1000\" data-autoplay=\"true\" data-autoplay-speed=\"2500\">\r\n\t\t\t<div class=\"nm-banner content-full image-type-fluid text-color-dark subtitle-below\" style=\"\"><img loading=\"lazy\" decoding=\"async\" src=\"https:\/\/www.lelitegroup.com\/wp-content\/uploads\/2021\/10\/legno-antico-lelite-07.jpg\" width=\"1920\" height=\"1280\" alt=\"legno-antico-lelite-07\" \/>\r\n\t\t\t<\/div>\r\n\t\t\t<div class=\"nm-banner content-full image-type-fluid text-color-dark subtitle-below\" style=\"\"><img loading=\"lazy\" decoding=\"async\" src=\"https:\/\/www.lelitegroup.com\/wp-content\/uploads\/2021\/10\/legno-antico-lelite-08.jpg\" width=\"1920\" height=\"1280\" alt=\"legno-antico-lelite-08\" \/>\r\n\t\t\t<\/div>\r\n\t\t\t<div class=\"nm-banner content-full image-type-fluid text-color-dark subtitle-below\" style=\"\"><img loading=\"lazy\" decoding=\"async\" src=\"https:\/\/www.lelitegroup.com\/wp-content\/uploads\/2021\/10\/legno-antico-lelite-09.jpg\" width=\"1920\" height=\"1280\" alt=\"legno-antico-lelite-09\" \/>\r\n\t\t\t<\/div>\r\n\t\t\t<div class=\"nm-banner content-full image-type-fluid text-color-dark subtitle-below\" style=\"\"><img loading=\"lazy\" decoding=\"async\" src=\"https:\/\/www.lelitegroup.com\/wp-content\/uploads\/2021\/10\/legno-antico-lelite-12.jpg\" width=\"1920\" height=\"1280\" alt=\"legno-antico-lelite-12\" \/>\r\n\t\t\t<\/div><\/div>[\/vc_column][\/vc_row][vc_row type=&#8221;boxed&#8221;][vc_column][vc_empty_space height=&#8221;100px&#8221;][\/vc_column][\/vc_row][vc_row type=&#8221;full-nopad&#8221; css_animation=&#8221;fadeIn&#8221; css=&#8221;.vc_custom_1524397838787{background-color: #1e1e1e !important;}&#8221;][vc_column][vc_empty_space height=&#8221;60px&#8221;][vc_row_inner type=&#8221;boxed&#8221;][vc_column_inner width=&#8221;1\/6&#8243;][\/vc_column_inner][vc_column_inner width=&#8221;2\/3&#8243;][vc_single_image image=&#8221;3917&#8243; img_size=&#8221;full&#8221; alignment=&#8221;center&#8221;][\/vc_column_inner][vc_column_inner width=&#8221;1\/6&#8243;][\/vc_column_inner][\/vc_row_inner][vc_row_inner type=&#8221;boxed&#8221;][vc_column_inner width=&#8221;1\/4&#8243;][\/vc_column_inner][vc_column_inner width=&#8221;1\/2&#8243;][vc_empty_space height=&#8221;60px&#8221;][vc_column_text el_class=&#8221;.white&#8221;]<\/p>\n<p style=\"text-align: center;\">L\u2019esposizione di travi antiche si trova presso la nostra sede in prossimit\u00e0 del casello autostradale Meolo-Roncade lungo la Treviso-Mare (A4 Venezia-Trieste). L\u2019offerta che proponiamo include travi di grande lunghezza e sezione; su ordinazione, forniamo anche derivati come ad esempio tavolame, profili con cuore e fuori cuore.<\/p>\n<p>[\/vc_column_text][vc_empty_space height=&#8221;40px&#8221;]\r\n\t\t\t<div class=\"nm_btn_align_center\">\r\n\t\t\t\t<a href=\"http:\/\/www.lelitegroup.com\/contatti\/\" class=\"nm_btn nm_btn_lg nm_btn_border\" style=\"color:#f8efe6;\">\r\n\t\t\t\t\t<span class=\"nm_btn_title\">Contattaci<\/span>\r\n\t\t\t\t\t<span class=\"nm_btn_bg\"><\/span>\r\n\t\t\t\t<\/a>\r\n\t\t\t<\/div>[vc_empty_space height=&#8221;60px&#8221;][\/vc_column_inner][vc_column_inner width=&#8221;1\/4&#8243;][\/vc_column_inner][\/vc_row_inner][\/vc_column][\/vc_row]<\/p>\n<\/div>","protected":false},"excerpt":{"rendered":"<p>[vc_row type=&#8221;full-nopad&#8221; css=&#8221;.vc_custom_1634826522716{background-color: #1e1e1e !important;}&#8221;][vc_column][\/vc_column][\/vc_row][vc_row type=&#8221;full-nopad&#8221; min_height=&#8221;200&#8243; content_placement=&#8221;middle&#8221; css=&#8221;.vc_custom_1524131567150{background-color: #1e1e1e !important;}&#8221;][vc_column][vc_raw_html]JTNDY2VudGVyJTNFJTNDaHIlMjBjbGFzcyUzRCUyMmxpbmUteSUyMiUyMCUyRiUzRSUzQyUyRmNlbnRlciUzRSUwQSUzQ2JyJTJGJTNFJTBBJTNDY2VudGVyJTNFJTNDc3BhbiUyMGNsYXNzJTNEJTIyd2hpdGUlMjIlMjBzdHlsZSUzRCUyMnRleHQtYWxpZ24lM0ElMjBjZW50ZXIlM0IlMjIlM0VMZWdubyUyMGFudGljbyUzQyUyRnAlM0UlM0MlMkZjZW50ZXIlM0UlMEElM0NiciUyRiUzRSUwQSUzQ2NlbnRlciUzRSUzQ2hyJTIwY2xhc3MlM0QlMjJsaW5lLXklMjIlMjAlMkYlM0UlM0MlMkZjZW50ZXIlM0U=[\/vc_raw_html][\/vc_column][\/vc_row][vc_row type=&#8221;full-nopad&#8221; min_height=&#8221;180&#8243; content_placement=&#8221;middle&#8221; css_animation=&#8221;fadeIn&#8221; css=&#8221;.vc_custom_1564047456525{background-color: #f0ebe7 !important;}&#8221;][vc_column][vc_empty_space height=&#8221;80px&#8221;][vc_row_inner type=&#8221;boxed&#8221; el_class=&#8221;1280&#8243;][vc_column_inner el_class=&#8221;1280&#8243;][vc_column_text] Elogio del legno antico Il legno antico \u00e8 carico di enfasi emotiva e valore culturale. Supera la semplice materialit\u00e0, coniugando attrazione per ci\u00f2 che il tempo \u00e8 stato capace di aggiungere, in particolare &hellip;<\/p>\n","protected":false},"author":1,"featured_media":0,"parent":0,"menu_order":0,"comment_status":"closed","ping_status":"closed","template":"templates\/page-full.php","meta":{"inline_featured_image":false,"footnotes":""},"yoast_head":"<!-- This site is optimized with the Yoast SEO plugin v21.8 - https:\/\/yoast.com\/wordpress\/plugins\/seo\/ -->\r\n<title>Legno antico - L&#039;Elite Group<\/title>\r\n<meta name=\"robots\" content=\"index, follow, max-snippet:-1, max-image-preview:large, max-video-preview:-1\" \/>\r\n<link rel=\"canonical\" href=\"https:\/\/www.lelitegroup.com\/it\/legnoantico\/\" \/>\r\n<meta property=\"og:locale\" content=\"it_IT\" \/>\r\n<meta property=\"og:type\" content=\"article\" \/>\r\n<meta property=\"og:title\" content=\"Legno antico - L&#039;Elite Group\" \/>\r\n<meta property=\"og:description\" content=\"[vc_row type=&#8221;full-nopad&#8221; css=&#8221;.vc_custom_1634826522716{background-color: #1e1e1e !important;}&#8221;][vc_column][\/vc_column][\/vc_row][vc_row type=&#8221;full-nopad&#8221; min_height=&#8221;200&#8243; content_placement=&#8221;middle&#8221; css=&#8221;.vc_custom_1524131567150{background-color: #1e1e1e !important;}&#8221;][vc_column][vc_raw_html]JTNDY2VudGVyJTNFJTNDaHIlMjBjbGFzcyUzRCUyMmxpbmUteSUyMiUyMCUyRiUzRSUzQyUyRmNlbnRlciUzRSUwQSUzQ2JyJTJGJTNFJTBBJTNDY2VudGVyJTNFJTNDc3BhbiUyMGNsYXNzJTNEJTIyd2hpdGUlMjIlMjBzdHlsZSUzRCUyMnRleHQtYWxpZ24lM0ElMjBjZW50ZXIlM0IlMjIlM0VMZWdubyUyMGFudGljbyUzQyUyRnAlM0UlM0MlMkZjZW50ZXIlM0UlMEElM0NiciUyRiUzRSUwQSUzQ2NlbnRlciUzRSUzQ2hyJTIwY2xhc3MlM0QlMjJsaW5lLXklMjIlMjAlMkYlM0UlM0MlMkZjZW50ZXIlM0U=[\/vc_raw_html][\/vc_column][\/vc_row][vc_row type=&#8221;full-nopad&#8221; min_height=&#8221;180&#8243; content_placement=&#8221;middle&#8221; css_animation=&#8221;fadeIn&#8221; css=&#8221;.vc_custom_1564047456525{background-color: #f0ebe7 !important;}&#8221;][vc_column][vc_empty_space height=&#8221;80px&#8221;][vc_row_inner type=&#8221;boxed&#8221; el_class=&#8221;1280&#8243;][vc_column_inner el_class=&#8221;1280&#8243;][vc_column_text] Elogio del legno antico Il legno antico \u00e8 carico di enfasi emotiva e valore culturale. Supera la semplice materialit\u00e0, coniugando attrazione per ci\u00f2 che il tempo \u00e8 stato capace di aggiungere, in particolare &hellip;\" \/>\r\n<meta property=\"og:url\" content=\"https:\/\/www.lelitegroup.com\/it\/legnoantico\/\" \/>\r\n<meta property=\"og:site_name\" content=\"L&#039;Elite Group\" \/>\r\n<meta property=\"article:modified_time\" content=\"2022-05-23T07:09:00+00:00\" \/>\r\n<meta property=\"og:image\" content=\"https:\/\/www.lelitegroup.com\/wp-content\/uploads\/2022\/05\/firma.svg\" \/>\r\n<meta name=\"twitter:card\" content=\"summary_large_image\" \/>\r\n<meta name=\"twitter:label1\" content=\"Tempo di lettura stimato\" \/>\n\t<meta name=\"twitter:data1\" content=\"5 minuti\" \/>\r\n<script type=\"application\/ld+json\" class=\"yoast-schema-graph\">{\"@context\":\"https:\/\/schema.org\",\"@graph\":[{\"@type\":\"WebPage\",\"@id\":\"https:\/\/www.lelitegroup.com\/it\/legnoantico\/\",\"url\":\"https:\/\/www.lelitegroup.com\/it\/legnoantico\/\",\"name\":\"Legno antico - L&#039;Elite Group\",\"isPartOf\":{\"@id\":\"https:\/\/www.lelitegroup.com\/it\/#website\"},\"datePublished\":\"2021-10-08T08:51:34+00:00\",\"dateModified\":\"2022-05-23T07:09:00+00:00\",\"breadcrumb\":{\"@id\":\"https:\/\/www.lelitegroup.com\/it\/legnoantico\/#breadcrumb\"},\"inLanguage\":\"it-IT\",\"potentialAction\":[{\"@type\":\"ReadAction\",\"target\":[\"https:\/\/www.lelitegroup.com\/it\/legnoantico\/\"]}]},{\"@type\":\"BreadcrumbList\",\"@id\":\"https:\/\/www.lelitegroup.com\/it\/legnoantico\/#breadcrumb\",\"itemListElement\":[{\"@type\":\"ListItem\",\"position\":1,\"name\":\"Home\",\"item\":\"https:\/\/www.lelitegroup.com\/it\/\"},{\"@type\":\"ListItem\",\"position\":2,\"name\":\"Legno antico\"}]},{\"@type\":\"WebSite\",\"@id\":\"https:\/\/www.lelitegroup.com\/it\/#website\",\"url\":\"https:\/\/www.lelitegroup.com\/it\/\",\"name\":\"L&#039;Elite Group\",\"description\":\"Un nuovo sito targato WordPress\",\"potentialAction\":[{\"@type\":\"SearchAction\",\"target\":{\"@type\":\"EntryPoint\",\"urlTemplate\":\"https:\/\/www.lelitegroup.com\/it\/?s={search_term_string}\"},\"query-input\":\"required name=search_term_string\"}],\"inLanguage\":\"it-IT\"}]}<\/script>\r\n<!-- \/ Yoast SEO plugin. -->","yoast_head_json":{"title":"Legno antico - L&#039;Elite Group","robots":{"index":"index","follow":"follow","max-snippet":"max-snippet:-1","max-image-preview":"max-image-preview:large","max-video-preview":"max-video-preview:-1"},"canonical":"https:\/\/www.lelitegroup.com\/it\/legnoantico\/","og_locale":"it_IT","og_type":"article","og_title":"Legno antico - L&#039;Elite Group","og_description":"[vc_row type=&#8221;full-nopad&#8221; css=&#8221;.vc_custom_1634826522716{background-color: #1e1e1e !important;}&#8221;][vc_column][\/vc_column][\/vc_row][vc_row type=&#8221;full-nopad&#8221; min_height=&#8221;200&#8243; content_placement=&#8221;middle&#8221; css=&#8221;.vc_custom_1524131567150{background-color: #1e1e1e !important;}&#8221;][vc_column][vc_raw_html]JTNDY2VudGVyJTNFJTNDaHIlMjBjbGFzcyUzRCUyMmxpbmUteSUyMiUyMCUyRiUzRSUzQyUyRmNlbnRlciUzRSUwQSUzQ2JyJTJGJTNFJTBBJTNDY2VudGVyJTNFJTNDc3BhbiUyMGNsYXNzJTNEJTIyd2hpdGUlMjIlMjBzdHlsZSUzRCUyMnRleHQtYWxpZ24lM0ElMjBjZW50ZXIlM0IlMjIlM0VMZWdubyUyMGFudGljbyUzQyUyRnAlM0UlM0MlMkZjZW50ZXIlM0UlMEElM0NiciUyRiUzRSUwQSUzQ2NlbnRlciUzRSUzQ2hyJTIwY2xhc3MlM0QlMjJsaW5lLXklMjIlMjAlMkYlM0UlM0MlMkZjZW50ZXIlM0U=[\/vc_raw_html][\/vc_column][\/vc_row][vc_row type=&#8221;full-nopad&#8221; min_height=&#8221;180&#8243; content_placement=&#8221;middle&#8221; css_animation=&#8221;fadeIn&#8221; css=&#8221;.vc_custom_1564047456525{background-color: #f0ebe7 !important;}&#8221;][vc_column][vc_empty_space height=&#8221;80px&#8221;][vc_row_inner type=&#8221;boxed&#8221; el_class=&#8221;1280&#8243;][vc_column_inner el_class=&#8221;1280&#8243;][vc_column_text] Elogio del legno antico Il legno antico \u00e8 carico di enfasi emotiva e valore culturale. Supera la semplice materialit\u00e0, coniugando attrazione per ci\u00f2 che il tempo \u00e8 stato capace di aggiungere, in particolare &hellip;","og_url":"https:\/\/www.lelitegroup.com\/it\/legnoantico\/","og_site_name":"L&#039;Elite Group","article_modified_time":"2022-05-23T07:09:00+00:00","og_image":[{"url":"https:\/\/www.lelitegroup.com\/wp-content\/uploads\/2022\/05\/firma.svg"}],"twitter_card":"summary_large_image","twitter_misc":{"Tempo di lettura stimato":"5 minuti"},"schema":{"@context":"https:\/\/schema.org","@graph":[{"@type":"WebPage","@id":"https:\/\/www.lelitegroup.com\/it\/legnoantico\/","url":"https:\/\/www.lelitegroup.com\/it\/legnoantico\/","name":"Legno antico - L&#039;Elite Group","isPartOf":{"@id":"https:\/\/www.lelitegroup.com\/it\/#website"},"datePublished":"2021-10-08T08:51:34+00:00","dateModified":"2022-05-23T07:09:00+00:00","breadcrumb":{"@id":"https:\/\/www.lelitegroup.com\/it\/legnoantico\/#breadcrumb"},"inLanguage":"it-IT","potentialAction":[{"@type":"ReadAction","target":["https:\/\/www.lelitegroup.com\/it\/legnoantico\/"]}]},{"@type":"BreadcrumbList","@id":"https:\/\/www.lelitegroup.com\/it\/legnoantico\/#breadcrumb","itemListElement":[{"@type":"ListItem","position":1,"name":"Home","item":"https:\/\/www.lelitegroup.com\/it\/"},{"@type":"ListItem","position":2,"name":"Legno antico"}]},{"@type":"WebSite","@id":"https:\/\/www.lelitegroup.com\/it\/#website","url":"https:\/\/www.lelitegroup.com\/it\/","name":"L&#039;Elite Group","description":"Un nuovo sito targato WordPress","potentialAction":[{"@type":"SearchAction","target":{"@type":"EntryPoint","urlTemplate":"https:\/\/www.lelitegroup.com\/it\/?s={search_term_string}"},"query-input":"required name=search_term_string"}],"inLanguage":"it-IT"}]}},"_links":{"self":[{"href":"https:\/\/www.lelitegroup.com\/it\/wp-json\/wp\/v2\/pages\/3883"}],"collection":[{"href":"https:\/\/www.lelitegroup.com\/it\/wp-json\/wp\/v2\/pages"}],"about":[{"href":"https:\/\/www.lelitegroup.com\/it\/wp-json\/wp\/v2\/types\/page"}],"author":[{"embeddable":true,"href":"https:\/\/www.lelitegroup.com\/it\/wp-json\/wp\/v2\/users\/1"}],"replies":[{"embeddable":true,"href":"https:\/\/www.lelitegroup.com\/it\/wp-json\/wp\/v2\/comments?post=3883"}],"version-history":[{"count":23,"href":"https:\/\/www.lelitegroup.com\/it\/wp-json\/wp\/v2\/pages\/3883\/revisions"}],"predecessor-version":[{"id":4009,"href":"https:\/\/www.lelitegroup.com\/it\/wp-json\/wp\/v2\/pages\/3883\/revisions\/4009"}],"wp:attachment":[{"href":"https:\/\/www.lelitegroup.com\/it\/wp-json\/wp\/v2\/media?parent=3883"}],"curies":[{"name":"wp","href":"https:\/\/api.w.org\/{rel}","templated":true}]}}